{"id":245283,"date":"2026-02-10T16:30:56","date_gmt":"2026-02-10T21:30:56","guid":{"rendered":"https:\/\/chesla.org\/?page_id=245283"},"modified":"2026-03-01T15:36:24","modified_gmt":"2026-03-01T20:36:24","slug":"graduate-student-loans","status":"publish","type":"page","link":"https:\/\/chesla.org\/pt\/graduate-student-loans\/","title":{"rendered":"Graduate Student Loans"},"content":{"rendered":"<p>[et_pb_section fb_built=&#8221;1&#8243; custom_padding_last_edited=&#8221;on|desktop&#8221; _builder_version=&#8221;4.27.5&#8243; _module_preset=&#8221;default&#8221; use_background_color_gradient=&#8221;on&#8221; background_color_gradient_direction=&#8221;98deg&#8221; background_color_gradient_stops=&#8221;rgba(80,59,149,0.92) 0%|rgba(80,59,149,0.8) 100%&#8221; background_color_gradient_overlays_image=&#8221;on&#8221; background_image=&#8221;https:\/\/chesla.org\/wp-content\/uploads\/2026\/02\/close-up-people-studying-together-1-1-scaled.jpg&#8221; custom_padding=&#8221;||||false|false&#8221; custom_padding_tablet=&#8221;&#8221; custom_padding_phone=&#8221;3rem||1rem||false|false&#8221; background_last_edited=&#8221;on|desktop&#8221; use_background_color_gradient_tablet=&#8221;on&#8221; use_background_color_gradient_phone=&#8221;on&#8221; background_color_gradient_direction_phone=&#8221;180deg&#8221; background_color_gradient_stops_tablet=&#8221;rgba(235,75,35,0.79) 0%|rgba(235,75,35,0.79) 100%&#8221; background_color_gradient_stops_phone=&#8221;rgba(235,75,35,0.79) 0%|rgba(235,75,35,0.79) 100%&#8221; background_image_phone=&#8221;https:\/\/chesla.org\/wp-content\/uploads\/2024\/02\/students-walking-university-bg.jpg&#8221; background_enable_image_phone=&#8221;on&#8221; da_disable_devices=&#8221;off|off|off&#8221; locked=&#8221;off&#8221; global_colors_info=&#8221;{}&#8221; da_is_popup=&#8221;off&#8221; da_exit_intent=&#8221;off&#8221; da_has_close=&#8221;on&#8221; da_alt_close=&#8221;off&#8221; da_dark_close=&#8221;off&#8221; da_not_modal=&#8221;on&#8221; da_is_singular=&#8221;off&#8221; da_with_loader=&#8221;off&#8221; da_has_shadow=&#8221;on&#8221;][et_pb_row _builder_version=&#8221;4.23.1&#8243; _module_preset=&#8221;default&#8221; global_colors_info=&#8221;{}&#8221;][et_pb_column type=&#8221;4_4&#8243; _builder_version=&#8221;4.23.1&#8243; _module_preset=&#8221;default&#8221; global_colors_info=&#8221;{}&#8221;][et_pb_text _builder_version=&#8221;4.23.1&#8243; _module_preset=&#8221;default&#8221; text_font_size=&#8221;17px&#8221; text_line_height=&#8221;1.6em&#8221; header_font=&#8221;||||||||&#8221; header_font_size=&#8221;42px&#8221; header_line_height=&#8221;1.2em&#8221; header_2_font_size=&#8221;48px&#8221; header_2_line_height=&#8221;1.2em&#8221; text_orientation=&#8221;center&#8221; background_layout=&#8221;dark&#8221; header_font_size_tablet=&#8221;42px&#8221; header_font_size_phone=&#8221;30px&#8221; header_font_size_last_edited=&#8221;on|phone&#8221; global_colors_info=&#8221;{}&#8221;]<\/p>\n<h1>Graduate Student Loans<\/h1>\n<p>[\/et_pb_text][\/et_pb_column][\/et_pb_row][\/et_pb_section][et_pb_section fb_built=&#8221;1&#8243; _builder_version=&#8221;4.23.1&#8243; _module_preset=&#8221;default&#8221; background_color=&#8221;RGBA(255,255,255,0)&#8221; custom_padding=&#8221;0px||100px||false|false&#8221; da_disable_devices=&#8221;off|off|off&#8221; locked=&#8221;off&#8221; global_colors_info=&#8221;{}&#8221; da_is_popup=&#8221;off&#8221; da_exit_intent=&#8221;off&#8221; da_has_close=&#8221;on&#8221; da_alt_close=&#8221;off&#8221; da_dark_close=&#8221;off&#8221; da_not_modal=&#8221;on&#8221; da_is_singular=&#8221;off&#8221; da_with_loader=&#8221;off&#8221; da_has_shadow=&#8221;on&#8221;][et_pb_row use_custom_gutter=&#8221;on&#8221; make_equal=&#8221;on&#8221; _builder_version=&#8221;4.23.1&#8243; _module_preset=&#8221;default&#8221; background_color=&#8221;#ffffff&#8221; custom_margin=&#8221;-50px||3rem||false|false&#8221; custom_padding=&#8221;2.5rem|2rem|2rem|2rem|false|true&#8221; border_radii=&#8221;on|17px|17px|17px|17px&#8221; box_shadow_style=&#8221;preset1&#8243; box_shadow_blur=&#8221;51px&#8221; box_shadow_spread=&#8221;-23px&#8221; global_colors_info=&#8221;{}&#8221;][et_pb_column type=&#8221;4_4&#8243; _builder_version=&#8221;4.23.1&#8243; _module_preset=&#8221;default&#8221; custom_padding=&#8221;||||false|false&#8221; global_colors_info=&#8221;{}&#8221;][et_pb_text _builder_version=&#8221;4.27.5&#8243; _module_preset=&#8221;default&#8221; text_text_color=&#8221;#333333&#8243; text_font_size=&#8221;16px&#8221; text_line_height=&#8221;1.5em&#8221; header_font_size=&#8221;29px&#8221; header_3_font=&#8221;|700|||||||&#8221; header_3_text_color=&#8221;#0B4163&#8243; header_3_font_size=&#8221;27px&#8221; header_3_line_height=&#8221;1.3em&#8221; min_height_tablet=&#8221;113px&#8221; min_height_phone=&#8221;113px&#8221; min_height_last_edited=&#8221;on|phone&#8221; custom_margin=&#8221;||12px|||&#8221; hover_enabled=&#8221;0&#8243; header_3_font_size_tablet=&#8221;29px&#8221; header_3_font_size_phone=&#8221;24px&#8221; header_3_font_size_last_edited=&#8221;on|phone&#8221; global_colors_info=&#8221;{}&#8221; sticky_enabled=&#8221;0&#8243;]<\/p>\n<p>Please refer to the undergraduate student loan page for information on our current offering for graduate students. The current fixed rate is the same for undergraduate and graduate students.<\/p>\n<p>[\/et_pb_text][et_pb_button button_url=&#8221;https:\/\/chesla.org\/undergraduate-student-loans\/&#8221; url_new_window=&#8221;on&#8221; button_text=&#8221;Current Graduate Loan Rate&#8221; button_alignment=&#8221;center&#8221; _builder_version=&#8221;4.27.5&#8243; _module_preset=&#8221;default&#8221; custom_button=&#8221;on&#8221; button_text_size=&#8221;16px&#8221; button_bg_color=&#8221;#295876&#8243; button_border_color=&#8221;rgba(41,88,118,0.86)&#8221; button_border_radius=&#8221;5px&#8221; button_font=&#8221;Source Sans Pro|700||on|||||&#8221; button_use_icon=&#8221;off&#8221; background_layout=&#8221;dark&#8221; hover_enabled=&#8221;0&#8243; button_text_color_tablet=&#8221;&#8221; button_text_color_phone=&#8221;&#8221; button_text_color_last_edited=&#8221;on|desktop&#8221; button_border_color_last_edited=&#8221;off|desktop&#8221; locked=&#8221;off&#8221; global_colors_info=&#8221;{}&#8221; button_bg_color__hover_enabled=&#8221;on|desktop&#8221; button_bg_color__hover=&#8221;rgba(41,88,118,0.95)&#8221; button_bg_enable_color__hover=&#8221;on&#8221; button_border_color__hover_enabled=&#8221;on|hover&#8221; button_border_color__hover=&#8221;rgba(41,88,118,0)&#8221; button_border_width__hover_enabled=&#8221;on|hover&#8221; sticky_enabled=&#8221;0&#8243;][\/et_pb_button][et_pb_text _builder_version=&#8221;4.27.5&#8243; _module_preset=&#8221;default&#8221; text_text_color=&#8221;#333333&#8243; text_font_size=&#8221;16px&#8221; text_line_height=&#8221;1.5em&#8221; header_font_size=&#8221;29px&#8221; header_3_font=&#8221;|700|||||||&#8221; header_3_text_color=&#8221;#0B4163&#8243; header_3_font_size=&#8221;27px&#8221; header_3_line_height=&#8221;1.3em&#8221; min_height_tablet=&#8221;113px&#8221; min_height_phone=&#8221;113px&#8221; min_height_last_edited=&#8221;on|phone&#8221; custom_margin=&#8221;||12px|||&#8221; header_3_font_size_tablet=&#8221;29px&#8221; header_3_font_size_phone=&#8221;24px&#8221; header_3_font_size_last_edited=&#8221;on|phone&#8221; global_colors_info=&#8221;{}&#8221;]<\/p>\n<p><strong>With the upcoming elimination of the Grad PLUS program effective July 1st, CHESLA is developing a new and enhanced Connecticut graduate loan solution. This program will offer 5-, 10-, and 15-year repayment terms, along with multiple repayment options to better meet the needs of today\u2019s graduate students. Our new program is on track to launch in May. Stay tuned for more updates!<\/strong><\/p>\n<p>[\/et_pb_text][et_pb_button button_url=&#8221;https:\/\/chesla.org\/how-chesla-could-support-connecticut-students-amid-federal-loan-restructuring\/&#8221; url_new_window=&#8221;on&#8221; button_text=&#8221;Learn More&#8221; button_alignment=&#8221;center&#8221; _builder_version=&#8221;4.27.5&#8243; _module_preset=&#8221;default&#8221; custom_button=&#8221;on&#8221; button_text_size=&#8221;16px&#8221; button_bg_color=&#8221;#295876&#8243; button_border_color=&#8221;rgba(41,88,118,0.86)&#8221; button_border_radius=&#8221;5px&#8221; button_font=&#8221;Source Sans Pro|700||on|||||&#8221; button_use_icon=&#8221;off&#8221; background_layout=&#8221;dark&#8221; button_text_color_tablet=&#8221;&#8221; button_text_color_phone=&#8221;&#8221; button_text_color_last_edited=&#8221;on|desktop&#8221; button_border_color_last_edited=&#8221;off|desktop&#8221; locked=&#8221;off&#8221; global_colors_info=&#8221;{}&#8221; button_bg_color__hover_enabled=&#8221;on|desktop&#8221; button_bg_color__hover=&#8221;rgba(41,88,118,0.95)&#8221; button_bg_enable_color__hover=&#8221;on&#8221; button_border_color__hover_enabled=&#8221;on|hover&#8221; button_border_color__hover=&#8221;rgba(41,88,118,0)&#8221; button_border_width__hover_enabled=&#8221;on|hover&#8221;][\/et_pb_button][\/et_pb_column][\/et_pb_row][\/et_pb_section]<\/p>\n","protected":false},"excerpt":{"rendered":"<p>Graduate Student LoansPlease refer to the undergraduate student loan page for information on our current offering for graduate students. The current fixed rate is the same for undergraduate and graduate [&hellip;]<\/p>\n","protected":false},"author":1,"featured_media":0,"parent":0,"menu_order":0,"comment_status":"closed","ping_status":"closed","template":"","meta":{"_acf_changed":false,"_et_pb_use_builder":"on","_et_pb_old_content":"","_et_gb_content_width":"","footnotes":""},"class_list":["post-245283","page","type-page","status-publish","hentry"],"acf":[],"yoast_head":"<!-- This site is optimized with the Yoast SEO Premium plugin v27.1 (Yoast SEO v27.2) - https:\/\/yoast.com\/product\/yoast-seo-premium-wordpress\/ -->\n<title>Graduate Student Loans - CHESLA<\/title>\n<meta name=\"robots\" content=\"index, follow, max-snippet:-1, max-image-preview:large, max-video-preview:-1\" \/>\n<link rel=\"canonical\" href=\"https:\/\/chesla.org\/pt\/graduate-student-loans\/\" \/>\n<meta property=\"og:locale\" content=\"pt_BR\" \/>\n<meta property=\"og:type\" content=\"article\" \/>\n<meta property=\"og:title\" content=\"Graduate Student Loans\" \/>\n<meta property=\"og:description\" content=\"Graduate Student LoansPlease refer to the undergraduate student loan page for information on our current offering for graduate students. The current fixed rate is the same for undergraduate and graduate [&hellip;]\" \/>\n<meta property=\"og:url\" content=\"https:\/\/chesla.org\/pt\/graduate-student-loans\/\" \/>\n<meta property=\"og:site_name\" content=\"CHESLA\" \/>\n<meta property=\"article:publisher\" content=\"https:\/\/www.facebook.com\/cheslaloans\" \/>\n<meta property=\"article:modified_time\" content=\"2026-03-01T20:36:24+00:00\" \/>\n<meta property=\"og:image\" content=\"https:\/\/chesla.org\/wp-content\/uploads\/2024\/05\/CHESLA-OG-Tag.png\" \/>\n\t<meta property=\"og:image:width\" content=\"1200\" \/>\n\t<meta property=\"og:image:height\" content=\"630\" \/>\n\t<meta property=\"og:image:type\" content=\"image\/png\" \/>\n<meta name=\"twitter:card\" content=\"summary_large_image\" \/>\n<meta name=\"twitter:site\" content=\"@CHESLALoans\" \/>\n<meta name=\"twitter:label1\" content=\"Est. tempo de leitura\" \/>\n\t<meta name=\"twitter:data1\" content=\"1 minuto\" \/>\n<script type=\"application\/ld+json\" class=\"yoast-schema-graph\">{\"@context\":\"https:\/\/schema.org\",\"@graph\":[{\"@type\":\"WebPage\",\"@id\":\"https:\/\/chesla.org\/graduate-student-loans\/\",\"url\":\"https:\/\/chesla.org\/graduate-student-loans\/\",\"name\":\"Graduate Student Loans - CHESLA\",\"isPartOf\":{\"@id\":\"https:\/\/chesla.org\/#website\"},\"datePublished\":\"2026-02-10T21:30:56+00:00\",\"dateModified\":\"2026-03-01T20:36:24+00:00\",\"breadcrumb\":{\"@id\":\"https:\/\/chesla.org\/graduate-student-loans\/#breadcrumb\"},\"inLanguage\":\"pt-BR\",\"potentialAction\":[{\"@type\":\"ReadAction\",\"target\":[\"https:\/\/chesla.org\/graduate-student-loans\/\"]}]},{\"@type\":\"BreadcrumbList\",\"@id\":\"https:\/\/chesla.org\/graduate-student-loans\/#breadcrumb\",\"itemListElement\":[{\"@type\":\"ListItem\",\"position\":1,\"name\":\"Home\",\"item\":\"https:\/\/chesla.org\/\"},{\"@type\":\"ListItem\",\"position\":2,\"name\":\"Graduate Student Loans\"}]},{\"@type\":\"WebSite\",\"@id\":\"https:\/\/chesla.org\/#website\",\"url\":\"https:\/\/chesla.org\/\",\"name\":\"CHESLA\",\"description\":\"CT Higher Education Supplemental Loan Authority\",\"publisher\":{\"@id\":\"https:\/\/chesla.org\/#organization\"},\"potentialAction\":[{\"@type\":\"SearchAction\",\"target\":{\"@type\":\"EntryPoint\",\"urlTemplate\":\"https:\/\/chesla.org\/?s={search_term_string}\"},\"query-input\":{\"@type\":\"PropertyValueSpecification\",\"valueRequired\":true,\"valueName\":\"search_term_string\"}}],\"inLanguage\":\"pt-BR\"},{\"@type\":\"Organization\",\"@id\":\"https:\/\/chesla.org\/#organization\",\"name\":\"CHESLA\",\"url\":\"https:\/\/chesla.org\/\",\"logo\":{\"@type\":\"ImageObject\",\"inLanguage\":\"pt-BR\",\"@id\":\"https:\/\/chesla.org\/#\/schema\/logo\/image\/\",\"url\":\"https:\/\/chesla.org\/wp-content\/uploads\/2023\/11\/color-logo-acronym-standard-300px.png\",\"contentUrl\":\"https:\/\/chesla.org\/wp-content\/uploads\/2023\/11\/color-logo-acronym-standard-300px.png\",\"width\":300,\"height\":107,\"caption\":\"CHESLA\"},\"image\":{\"@id\":\"https:\/\/chesla.org\/#\/schema\/logo\/image\/\"},\"sameAs\":[\"https:\/\/www.facebook.com\/cheslaloans\",\"https:\/\/x.com\/CHESLALoans\",\"https:\/\/www.linkedin.com\/company\/chesla\/?reportsuccess=KJ_KkFGTDCfMt-A7wV3Fn9Yvgwr02Kd6AZHGx4bQCDiP6-2rfP2oxyVoEQiPrcAQ7Bf\",\"https:\/\/www.youtube.com\/channel\/UCV8LUkbWunt7tvMYOay1MTA\",\"https:\/\/www.instagram.com\/cheslaloan\/\"],\"description\":\"CHESLA provides financing, information and tools for students and families to make informed decisions about paying for higher education.\"}]}<\/script>\n<!-- \/ Yoast SEO Premium plugin. -->","yoast_head_json":{"title":"Graduate Student Loans - CHESLA","robots":{"index":"index","follow":"follow","max-snippet":"max-snippet:-1","max-image-preview":"max-image-preview:large","max-video-preview":"max-video-preview:-1"},"canonical":"https:\/\/chesla.org\/pt\/graduate-student-loans\/","og_locale":"pt_BR","og_type":"article","og_title":"Graduate Student Loans","og_description":"Graduate Student LoansPlease refer to the undergraduate student loan page for information on our current offering for graduate students. The current fixed rate is the same for undergraduate and graduate [&hellip;]","og_url":"https:\/\/chesla.org\/pt\/graduate-student-loans\/","og_site_name":"CHESLA","article_publisher":"https:\/\/www.facebook.com\/cheslaloans","article_modified_time":"2026-03-01T20:36:24+00:00","og_image":[{"width":1200,"height":630,"url":"https:\/\/chesla.org\/wp-content\/uploads\/2024\/05\/CHESLA-OG-Tag.png","type":"image\/png"}],"twitter_card":"summary_large_image","twitter_site":"@CHESLALoans","twitter_misc":{"Est. tempo de leitura":"1 minuto"},"schema":{"@context":"https:\/\/schema.org","@graph":[{"@type":"WebPage","@id":"https:\/\/chesla.org\/graduate-student-loans\/","url":"https:\/\/chesla.org\/graduate-student-loans\/","name":"Graduate Student Loans - CHESLA","isPartOf":{"@id":"https:\/\/chesla.org\/#website"},"datePublished":"2026-02-10T21:30:56+00:00","dateModified":"2026-03-01T20:36:24+00:00","breadcrumb":{"@id":"https:\/\/chesla.org\/graduate-student-loans\/#breadcrumb"},"inLanguage":"pt-BR","potentialAction":[{"@type":"ReadAction","target":["https:\/\/chesla.org\/graduate-student-loans\/"]}]},{"@type":"BreadcrumbList","@id":"https:\/\/chesla.org\/graduate-student-loans\/#breadcrumb","itemListElement":[{"@type":"ListItem","position":1,"name":"Home","item":"https:\/\/chesla.org\/"},{"@type":"ListItem","position":2,"name":"Graduate Student Loans"}]},{"@type":"WebSite","@id":"https:\/\/chesla.org\/#website","url":"https:\/\/chesla.org\/","name":"CHESLA","description":"Autoridade de Empr\u00e9stimo Suplementar para Ensino Superior CT","publisher":{"@id":"https:\/\/chesla.org\/#organization"},"potentialAction":[{"@type":"SearchAction","target":{"@type":"EntryPoint","urlTemplate":"https:\/\/chesla.org\/?s={search_term_string}"},"query-input":{"@type":"PropertyValueSpecification","valueRequired":true,"valueName":"search_term_string"}}],"inLanguage":"pt-BR"},{"@type":"Organization","@id":"https:\/\/chesla.org\/#organization","name":"CHESLA","url":"https:\/\/chesla.org\/","logo":{"@type":"ImageObject","inLanguage":"pt-BR","@id":"https:\/\/chesla.org\/#\/schema\/logo\/image\/","url":"https:\/\/chesla.org\/wp-content\/uploads\/2023\/11\/color-logo-acronym-standard-300px.png","contentUrl":"https:\/\/chesla.org\/wp-content\/uploads\/2023\/11\/color-logo-acronym-standard-300px.png","width":300,"height":107,"caption":"CHESLA"},"image":{"@id":"https:\/\/chesla.org\/#\/schema\/logo\/image\/"},"sameAs":["https:\/\/www.facebook.com\/cheslaloans","https:\/\/x.com\/CHESLALoans","https:\/\/www.linkedin.com\/company\/chesla\/?reportsuccess=KJ_KkFGTDCfMt-A7wV3Fn9Yvgwr02Kd6AZHGx4bQCDiP6-2rfP2oxyVoEQiPrcAQ7Bf","https:\/\/www.youtube.com\/channel\/UCV8LUkbWunt7tvMYOay1MTA","https:\/\/www.instagram.com\/cheslaloan\/"],"description":"CHESLA fornece financiamento, informa\u00e7\u00f5es e ferramentas para estudantes e fam\u00edlias tomarem decis\u00f5es informadas sobre o pagamento do ensino superior."}]}},"_links":{"self":[{"href":"https:\/\/chesla.org\/pt\/wp-json\/wp\/v2\/pages\/245283","targetHints":{"allow":["GET"]}}],"collection":[{"href":"https:\/\/chesla.org\/pt\/wp-json\/wp\/v2\/pages"}],"about":[{"href":"https:\/\/chesla.org\/pt\/wp-json\/wp\/v2\/types\/page"}],"author":[{"embeddable":true,"href":"https:\/\/chesla.org\/pt\/wp-json\/wp\/v2\/users\/1"}],"replies":[{"embeddable":true,"href":"https:\/\/chesla.org\/pt\/wp-json\/wp\/v2\/comments?post=245283"}],"version-history":[{"count":9,"href":"https:\/\/chesla.org\/pt\/wp-json\/wp\/v2\/pages\/245283\/revisions"}],"predecessor-version":[{"id":245390,"href":"https:\/\/chesla.org\/pt\/wp-json\/wp\/v2\/pages\/245283\/revisions\/245390"}],"wp:attachment":[{"href":"https:\/\/chesla.org\/pt\/wp-json\/wp\/v2\/media?parent=245283"}],"curies":[{"name":"wp","href":"https:\/\/api.w.org\/{rel}","templated":true}]}}