{"id":244240,"date":"2024-09-17T10:18:52","date_gmt":"2024-09-17T14:18:52","guid":{"rendered":"https:\/\/chesla.org\/?page_id=244240"},"modified":"2024-09-17T10:27:57","modified_gmt":"2024-09-17T14:27:57","slug":"thank-you-for-subscribing","status":"publish","type":"page","link":"https:\/\/chesla.org\/pt\/thank-you-for-subscribing\/","title":{"rendered":"Thank You for Subscribing"},"content":{"rendered":"<p>[et_pb_section fb_built=&#8221;1&#8243; custom_padding_last_edited=&#8221;on|phone&#8221; _builder_version=&#8221;4.27.0&#8243; _module_preset=&#8221;default&#8221; use_background_color_gradient=&#8221;on&#8221; background_color_gradient_direction=&#8221;98deg&#8221; background_color_gradient_stops=&#8221;rgba(11,65,99,0.93) 0%|rgba(11,65,99,0) 94%&#8221; background_color_gradient_overlays_image=&#8221;on&#8221; background_image=&#8221;https:\/\/chesla.org\/wp-content\/uploads\/2024\/02\/group-young-people-sitting-using-laptop-computer-digital-tablet-together.jpg&#8221; background_position=&#8221;top_center&#8221; background_vertical_offset=&#8221;83%&#8221; custom_padding=&#8221;5rem||5rem||false|false&#8221; custom_padding_tablet=&#8221;&#8221; custom_padding_phone=&#8221;11rem||1rem||false|false&#8221; hover_enabled=&#8221;0&#8243; background_last_edited=&#8221;on|phone&#8221; use_background_color_gradient_phone=&#8221;on&#8221; background_color_gradient_direction_phone=&#8221;180deg&#8221; background_color_gradient_stops_phone=&#8221;rgba(11,65,99,0) 0%|rgba(11,65,99,0.93) 73%&#8221; background_image_phone=&#8221;https:\/\/chesla.org\/wp-content\/uploads\/2024\/03\/Annual-Reports.jpg&#8221; background_enable_image_phone=&#8221;on&#8221; da_disable_devices=&#8221;off|off|off&#8221; global_colors_info=&#8221;{}&#8221; title_text=&#8221;group-young-people-sitting-using-laptop-computer-digital-tablet-together&#8221; sticky_enabled=&#8221;0&#8243; da_is_popup=&#8221;off&#8221; da_exit_intent=&#8221;off&#8221; da_has_close=&#8221;on&#8221; da_alt_close=&#8221;off&#8221; da_dark_close=&#8221;off&#8221; da_not_modal=&#8221;on&#8221; da_is_singular=&#8221;off&#8221; da_with_loader=&#8221;off&#8221; da_has_shadow=&#8221;on&#8221;][et_pb_row _builder_version=&#8221;4.25.1&#8243; _module_preset=&#8221;default&#8221; max_width=&#8221;1280px&#8221; global_colors_info=&#8221;{}&#8221;][et_pb_column type=&#8221;4_4&#8243; _builder_version=&#8221;4.23.1&#8243; _module_preset=&#8221;default&#8221; global_colors_info=&#8221;{}&#8221;][et_pb_text _builder_version=&#8221;4.27.0&#8243; _module_preset=&#8221;default&#8221; text_font_size=&#8221;17px&#8221; text_line_height=&#8221;1.6em&#8221; header_font=&#8221;||||||||&#8221; header_font_size=&#8221;43px&#8221; header_line_height=&#8221;1.2em&#8221; header_2_font_size=&#8221;48px&#8221; header_2_line_height=&#8221;1.2em&#8221; text_orientation=&#8221;center&#8221; background_layout=&#8221;dark&#8221; max_width=&#8221;640px&#8221; max_width_tablet=&#8221;75%&#8221; max_width_phone=&#8221;100%&#8221; max_width_last_edited=&#8221;on|tablet&#8221; module_alignment=&#8221;center&#8221; hover_enabled=&#8221;0&#8243; text_font_size_tablet=&#8221;17px&#8221; text_font_size_phone=&#8221;15px&#8221; text_font_size_last_edited=&#8221;on|phone&#8221; header_font_size_tablet=&#8221;34px&#8221; header_font_size_phone=&#8221;34px&#8221; header_font_size_last_edited=&#8221;on|tablet&#8221; header_line_height_tablet=&#8221;1.2em&#8221; header_line_height_phone=&#8221;1em&#8221; header_line_height_last_edited=&#8221;on|phone&#8221; header_2_font_size_tablet=&#8221;48px&#8221; header_2_font_size_phone=&#8221;36px&#8221; header_2_font_size_last_edited=&#8221;on|phone&#8221; global_colors_info=&#8221;{}&#8221; sticky_enabled=&#8221;0&#8243;]<\/p>\n<h1>Thank You For Subscribing!<\/h1>\n<p>[\/et_pb_text][\/et_pb_column][\/et_pb_row][\/et_pb_section][et_pb_section fb_built=&#8221;1&#8243; _builder_version=&#8221;4.23.1&#8243; _module_preset=&#8221;default&#8221; custom_margin=&#8221;||53px|||&#8221; custom_padding=&#8221;2rem||2rem||true|false&#8221; da_disable_devices=&#8221;off|off|off&#8221; global_colors_info=&#8221;{}&#8221; da_is_popup=&#8221;off&#8221; da_exit_intent=&#8221;off&#8221; da_has_close=&#8221;on&#8221; da_alt_close=&#8221;off&#8221; da_dark_close=&#8221;off&#8221; da_not_modal=&#8221;on&#8221; da_is_singular=&#8221;off&#8221; da_with_loader=&#8221;off&#8221; da_has_shadow=&#8221;on&#8221;][et_pb_row _builder_version=&#8221;4.27.0&#8243; _module_preset=&#8221;default&#8221;][et_pb_column _builder_version=&#8221;4.27.0&#8243; _module_preset=&#8221;default&#8221; type=&#8221;4_4&#8243;][et_pb_text _builder_version=&#8221;4.27.0&#8243; _module_preset=&#8221;default&#8221; sticky_enabled=&#8221;0&#8243; header_5_text_align=&#8221;center&#8221; width=&#8221;85%&#8221; width_tablet=&#8221;85%&#8221; width_last_edited=&#8221;on|phone&#8221; module_alignment=&#8221;center&#8221; custom_margin=&#8221;1em||7px||false|false&#8221; hover_enabled=&#8221;0&#8243; text_font_size=&#8221;1.25rem&#8221; text_orientation=&#8221;center&#8221; max_width=&#8221;600px&#8221; text_line_height=&#8221;2rem&#8221; width_phone=&#8221;85%&#8221;]<\/p>\n<p>Keep an eye on your inbox for a confirmation email and stay tuned for important news and updates from CHESLA.<\/p>\n<p>[\/et_pb_text][\/et_pb_column][\/et_pb_row][\/et_pb_section]<\/p>\n","protected":false},"excerpt":{"rendered":"<p>Thank You For Subscribing!Keep an eye on your inbox for a confirmation email and stay tuned for important news and updates from CHESLA.<\/p>","protected":false},"author":1,"featured_media":0,"parent":0,"menu_order":0,"comment_status":"closed","ping_status":"closed","template":"","meta":{"_acf_changed":false,"_et_pb_use_builder":"on","_et_pb_old_content":"","_et_gb_content_width":"","footnotes":""},"class_list":["post-244240","page","type-page","status-publish","hentry"],"acf":[],"yoast_head":"<!-- This site is optimized with the Yoast SEO Premium plugin v27.4 (Yoast SEO v27.4) - https:\/\/yoast.com\/product\/yoast-seo-premium-wordpress\/ -->\n<title>Thank You for Subscribing - CHESLA<\/title>\n<meta name=\"robots\" content=\"index, follow, max-snippet:-1, max-image-preview:large, max-video-preview:-1\" \/>\n<link rel=\"canonical\" href=\"https:\/\/chesla.org\/pt\/thank-you-for-subscribing\/\" \/>\n<meta property=\"og:locale\" content=\"pt_BR\" \/>\n<meta property=\"og:type\" content=\"article\" \/>\n<meta property=\"og:title\" content=\"Thank You for Subscribing\" \/>\n<meta property=\"og:description\" content=\"Thank You For Subscribing!Keep an eye on your inbox for a confirmation email and stay tuned for important news and updates from CHESLA.\" \/>\n<meta property=\"og:url\" content=\"https:\/\/chesla.org\/pt\/thank-you-for-subscribing\/\" \/>\n<meta property=\"og:site_name\" content=\"CHESLA\" \/>\n<meta property=\"article:publisher\" content=\"https:\/\/www.facebook.com\/cheslaloans\" \/>\n<meta property=\"article:modified_time\" content=\"2024-09-17T14:27:57+00:00\" \/>\n<meta property=\"og:image\" content=\"https:\/\/chesla.org\/wp-content\/uploads\/2024\/05\/CHESLA-OG-Tag.png\" \/>\n\t<meta property=\"og:image:width\" content=\"1200\" \/>\n\t<meta property=\"og:image:height\" content=\"630\" \/>\n\t<meta property=\"og:image:type\" content=\"image\/png\" \/>\n<meta name=\"twitter:card\" content=\"summary_large_image\" \/>\n<meta name=\"twitter:site\" content=\"@CHESLALoans\" \/>\n<meta name=\"twitter:label1\" content=\"Est. tempo de leitura\" \/>\n\t<meta name=\"twitter:data1\" content=\"1 minuto\" \/>\n<script type=\"application\/ld+json\" class=\"yoast-schema-graph\">{\"@context\":\"https:\\\/\\\/schema.org\",\"@graph\":[{\"@type\":\"WebPage\",\"@id\":\"https:\\\/\\\/chesla.org\\\/thank-you-for-subscribing\\\/\",\"url\":\"https:\\\/\\\/chesla.org\\\/thank-you-for-subscribing\\\/\",\"name\":\"Thank You for Subscribing - CHESLA\",\"isPartOf\":{\"@id\":\"https:\\\/\\\/chesla.org\\\/#website\"},\"datePublished\":\"2024-09-17T14:18:52+00:00\",\"dateModified\":\"2024-09-17T14:27:57+00:00\",\"breadcrumb\":{\"@id\":\"https:\\\/\\\/chesla.org\\\/thank-you-for-subscribing\\\/#breadcrumb\"},\"inLanguage\":\"pt-BR\",\"potentialAction\":[{\"@type\":\"ReadAction\",\"target\":[\"https:\\\/\\\/chesla.org\\\/thank-you-for-subscribing\\\/\"]}]},{\"@type\":\"BreadcrumbList\",\"@id\":\"https:\\\/\\\/chesla.org\\\/thank-you-for-subscribing\\\/#breadcrumb\",\"itemListElement\":[{\"@type\":\"ListItem\",\"position\":1,\"name\":\"Home\",\"item\":\"https:\\\/\\\/chesla.org\\\/\"},{\"@type\":\"ListItem\",\"position\":2,\"name\":\"Thank You for Subscribing\"}]},{\"@type\":\"WebSite\",\"@id\":\"https:\\\/\\\/chesla.org\\\/#website\",\"url\":\"https:\\\/\\\/chesla.org\\\/\",\"name\":\"CHESLA\",\"description\":\"CT Higher Education Supplemental Loan Authority\",\"publisher\":{\"@id\":\"https:\\\/\\\/chesla.org\\\/#organization\"},\"potentialAction\":[{\"@type\":\"SearchAction\",\"target\":{\"@type\":\"EntryPoint\",\"urlTemplate\":\"https:\\\/\\\/chesla.org\\\/?s={search_term_string}\"},\"query-input\":{\"@type\":\"PropertyValueSpecification\",\"valueRequired\":true,\"valueName\":\"search_term_string\"}}],\"inLanguage\":\"pt-BR\"},{\"@type\":\"Organization\",\"@id\":\"https:\\\/\\\/chesla.org\\\/#organization\",\"name\":\"CHESLA\",\"url\":\"https:\\\/\\\/chesla.org\\\/\",\"logo\":{\"@type\":\"ImageObject\",\"inLanguage\":\"pt-BR\",\"@id\":\"https:\\\/\\\/chesla.org\\\/#\\\/schema\\\/logo\\\/image\\\/\",\"url\":\"https:\\\/\\\/chesla.org\\\/wp-content\\\/uploads\\\/2023\\\/11\\\/color-logo-acronym-standard-300px.png\",\"contentUrl\":\"https:\\\/\\\/chesla.org\\\/wp-content\\\/uploads\\\/2023\\\/11\\\/color-logo-acronym-standard-300px.png\",\"width\":300,\"height\":107,\"caption\":\"CHESLA\"},\"image\":{\"@id\":\"https:\\\/\\\/chesla.org\\\/#\\\/schema\\\/logo\\\/image\\\/\"},\"sameAs\":[\"https:\\\/\\\/www.facebook.com\\\/cheslaloans\",\"https:\\\/\\\/x.com\\\/CHESLALoans\",\"https:\\\/\\\/www.linkedin.com\\\/company\\\/chesla\\\/?reportsuccess=KJ_KkFGTDCfMt-A7wV3Fn9Yvgwr02Kd6AZHGx4bQCDiP6-2rfP2oxyVoEQiPrcAQ7Bf\",\"https:\\\/\\\/www.youtube.com\\\/channel\\\/UCV8LUkbWunt7tvMYOay1MTA\",\"https:\\\/\\\/www.instagram.com\\\/cheslaloan\\\/\"],\"description\":\"CHESLA provides financing, information and tools for students and families to make informed decisions about paying for higher education.\"}]}<\/script>\n<!-- \/ Yoast SEO Premium plugin. -->","yoast_head_json":{"title":"Thank You for Subscribing - CHESLA","robots":{"index":"index","follow":"follow","max-snippet":"max-snippet:-1","max-image-preview":"max-image-preview:large","max-video-preview":"max-video-preview:-1"},"canonical":"https:\/\/chesla.org\/pt\/thank-you-for-subscribing\/","og_locale":"pt_BR","og_type":"article","og_title":"Thank You for Subscribing","og_description":"Thank You For Subscribing!Keep an eye on your inbox for a confirmation email and stay tuned for important news and updates from CHESLA.","og_url":"https:\/\/chesla.org\/pt\/thank-you-for-subscribing\/","og_site_name":"CHESLA","article_publisher":"https:\/\/www.facebook.com\/cheslaloans","article_modified_time":"2024-09-17T14:27:57+00:00","og_image":[{"width":1200,"height":630,"url":"https:\/\/chesla.org\/wp-content\/uploads\/2024\/05\/CHESLA-OG-Tag.png","type":"image\/png"}],"twitter_card":"summary_large_image","twitter_site":"@CHESLALoans","twitter_misc":{"Est. tempo de leitura":"1 minuto"},"schema":{"@context":"https:\/\/schema.org","@graph":[{"@type":"WebPage","@id":"https:\/\/chesla.org\/thank-you-for-subscribing\/","url":"https:\/\/chesla.org\/thank-you-for-subscribing\/","name":"Thank You for Subscribing - CHESLA","isPartOf":{"@id":"https:\/\/chesla.org\/#website"},"datePublished":"2024-09-17T14:18:52+00:00","dateModified":"2024-09-17T14:27:57+00:00","breadcrumb":{"@id":"https:\/\/chesla.org\/thank-you-for-subscribing\/#breadcrumb"},"inLanguage":"pt-BR","potentialAction":[{"@type":"ReadAction","target":["https:\/\/chesla.org\/thank-you-for-subscribing\/"]}]},{"@type":"BreadcrumbList","@id":"https:\/\/chesla.org\/thank-you-for-subscribing\/#breadcrumb","itemListElement":[{"@type":"ListItem","position":1,"name":"Home","item":"https:\/\/chesla.org\/"},{"@type":"ListItem","position":2,"name":"Thank You for Subscribing"}]},{"@type":"WebSite","@id":"https:\/\/chesla.org\/#website","url":"https:\/\/chesla.org\/","name":"CHESLA","description":"Autoridade de Empr\u00e9stimo Suplementar para Ensino Superior CT","publisher":{"@id":"https:\/\/chesla.org\/#organization"},"potentialAction":[{"@type":"SearchAction","target":{"@type":"EntryPoint","urlTemplate":"https:\/\/chesla.org\/?s={search_term_string}"},"query-input":{"@type":"PropertyValueSpecification","valueRequired":true,"valueName":"search_term_string"}}],"inLanguage":"pt-BR"},{"@type":"Organization","@id":"https:\/\/chesla.org\/#organization","name":"CHESLA","url":"https:\/\/chesla.org\/","logo":{"@type":"ImageObject","inLanguage":"pt-BR","@id":"https:\/\/chesla.org\/#\/schema\/logo\/image\/","url":"https:\/\/chesla.org\/wp-content\/uploads\/2023\/11\/color-logo-acronym-standard-300px.png","contentUrl":"https:\/\/chesla.org\/wp-content\/uploads\/2023\/11\/color-logo-acronym-standard-300px.png","width":300,"height":107,"caption":"CHESLA"},"image":{"@id":"https:\/\/chesla.org\/#\/schema\/logo\/image\/"},"sameAs":["https:\/\/www.facebook.com\/cheslaloans","https:\/\/x.com\/CHESLALoans","https:\/\/www.linkedin.com\/company\/chesla\/?reportsuccess=KJ_KkFGTDCfMt-A7wV3Fn9Yvgwr02Kd6AZHGx4bQCDiP6-2rfP2oxyVoEQiPrcAQ7Bf","https:\/\/www.youtube.com\/channel\/UCV8LUkbWunt7tvMYOay1MTA","https:\/\/www.instagram.com\/cheslaloan\/"],"description":"CHESLA fornece financiamento, informa\u00e7\u00f5es e ferramentas para estudantes e fam\u00edlias tomarem decis\u00f5es informadas sobre o pagamento do ensino superior."}]}},"_links":{"self":[{"href":"https:\/\/chesla.org\/pt\/wp-json\/wp\/v2\/pages\/244240","targetHints":{"allow":["GET"]}}],"collection":[{"href":"https:\/\/chesla.org\/pt\/wp-json\/wp\/v2\/pages"}],"about":[{"href":"https:\/\/chesla.org\/pt\/wp-json\/wp\/v2\/types\/page"}],"author":[{"embeddable":true,"href":"https:\/\/chesla.org\/pt\/wp-json\/wp\/v2\/users\/1"}],"replies":[{"embeddable":true,"href":"https:\/\/chesla.org\/pt\/wp-json\/wp\/v2\/comments?post=244240"}],"version-history":[{"count":3,"href":"https:\/\/chesla.org\/pt\/wp-json\/wp\/v2\/pages\/244240\/revisions"}],"predecessor-version":[{"id":244244,"href":"https:\/\/chesla.org\/pt\/wp-json\/wp\/v2\/pages\/244240\/revisions\/244244"}],"wp:attachment":[{"href":"https:\/\/chesla.org\/pt\/wp-json\/wp\/v2\/media?parent=244240"}],"curies":[{"name":"wp","href":"https:\/\/api.w.org\/{rel}","templated":true}]}}