{"id":243890,"date":"2024-05-23T14:23:53","date_gmt":"2024-05-23T18:23:53","guid":{"rendered":"https:\/\/chesla.org\/?page_id=243890"},"modified":"2025-08-06T16:49:03","modified_gmt":"2025-08-06T20:49:03","slug":"subscribe","status":"publish","type":"page","link":"https:\/\/chesla.org\/pt\/subscribe\/","title":{"rendered":"Se inscrever"},"content":{"rendered":"<p>[et_pb_section fb_built=&#8221;1&#8243; custom_padding_last_edited=&#8221;on|desktop&#8221; _builder_version=&#8221;4.25.1&#8243; _module_preset=&#8221;default&#8221; use_background_color_gradient=&#8221;on&#8221; background_color_gradient_stops=&#8221;#f4f4f4 0%|#ffffff 100%&#8221; custom_padding=&#8221;5rem||5rem||false|false&#8221; custom_padding_tablet=&#8221;5rem||5rem||false|false&#8221; custom_padding_phone=&#8221;2rem||4rem||false|false&#8221; da_disable_devices=&#8221;off|off|off&#8221; global_colors_info=&#8221;{}&#8221; da_is_popup=&#8221;off&#8221; da_exit_intent=&#8221;off&#8221; da_has_close=&#8221;on&#8221; da_alt_close=&#8221;off&#8221; da_dark_close=&#8221;off&#8221; da_not_modal=&#8221;on&#8221; da_is_singular=&#8221;off&#8221; da_with_loader=&#8221;off&#8221; da_has_shadow=&#8221;on&#8221;][et_pb_row _builder_version=&#8221;4.23.1&#8243; _module_preset=&#8221;default&#8221; max_width=&#8221;1180px&#8221; global_colors_info=&#8221;{}&#8221;][et_pb_column type=&#8221;4_4&#8243; _builder_version=&#8221;4.23.1&#8243; _module_preset=&#8221;default&#8221; custom_padding=&#8221;0vw|5rem|1vw|5rem|false|true&#8221; custom_padding_tablet=&#8221;|1rem||1rem|false|true&#8221; custom_padding_phone=&#8221;|0rem||0rem|false|true&#8221; custom_padding_last_edited=&#8221;on|tablet&#8221; global_colors_info=&#8221;{}&#8221;][et_pb_code _builder_version=&#8221;4.27.0&#8243; _module_preset=&#8221;default&#8221; global_colors_info=&#8221;{}&#8221;]<script src=\"https:\/\/www.google.com\/recaptcha\/api.js?render=6LeZN0IqAAAAAHXwEU2ocwQMPwTZZnadbQ4NYiaW\"><\/script><!-- [et_pb_line_break_holder] --><script type='text\/javascript'> grecaptcha.ready(function () { grecaptcha.execute('6LeZN0IqAAAAAHXwEU2ocwQMPwTZZnadbQ4NYiaW', {action:'validate_captcha'}).then(function(token) { document.getElementById('g-recaptcha-response').value = token; }); });<!-- [et_pb_line_break_holder] -->function get_action(token) { var _t = document.getElementById('g-recaptcha-response').value;<!-- [et_pb_line_break_holder] -->if (_t == '') {alert('You are not allowed to submit!'); return false;}<!-- [et_pb_line_break_holder] -->else {document.getElementById('cx_web_submit').disabled = true; return true; } } <\/script><!-- [et_pb_line_break_holder] --><\/p>\n<form method='post' action='https:\/\/www.claritycrm.com\/d1\/leadwebform.aspx?tk=1c9ca4f3f79e4c80b0be513d495a4906' onsubmit='return get_action();'><!-- [et_pb_line_break_holder] --><\/p>\n<style>input[type=number]::-webkit-inner-spin-button,input[type=number]::-webkit-outer-spin-button {-webkit-appearance: none;margin: 0;}<\/style>\n<p><!-- [et_pb_line_break_holder] --><\/p>\n<table width='570' border='0' cellpadding='2' cellspacing='0' style='width: 100%; max-width: 570px; background-color: #ffffff; -ko-attr-bgcolor: @backgroundColor; -ko-background-color: @backgroundColor;'><!-- [et_pb_line_break_holder] --><\/p>\n<tbody><!-- [et_pb_line_break_holder] --><\/p>\n<tr>\n<td style=\"width:38%;text-align:right;\"><label style=\"width:100px;font-family: 'Segoe UI', 'Segoe UI Web Regular', 'Segoe UI Symbol', 'Helvetica Neue', 'BBAlpha Sans', 'S60 Sans', Arial, sans-serif;\" for='ctl_firstname'>First Name<strong style=\"color:red;\">*<\/strong> : <\/label><\/td>\n<td style=\"width:62%;\"><input required  pattern=\".*[^ ].*\"  placeholder='First Name' style=\"line-height: 19px; font-size: 14px; font-family: 'Segoe UI', 'Segoe UI Web Regular', 'Segoe UI Symbol', 'Helvetica Neue', 'BBAlpha Sans', 'S60 Sans', Arial, sans-serif; -webkit-appearance: none; border-top-left-radius: 0px; border-top-right-radius: 0px; border-bottom-right-radius: 0px; border-bottom-left-radius: 0px; direction: ltr; -webkit-user-modify: read-write-plaintext-only;padding: 4px 4px; height: 1.571em; width: 292px; color: rgb(33,33,33); border: 1px solid #D2D2D2; background-color: rgba(255, 255, 255, 0.8);border-radius:3px;\" type='text' id='ctl_firstname' name='ctl_firstname'\/><\/td>\n<\/tr>\n<p><!-- [et_pb_line_break_holder] --><\/p>\n<tr>\n<td style=\"width:38%;text-align:right;\"><label style=\"width:100px;font-family: 'Segoe UI', 'Segoe UI Web Regular', 'Segoe UI Symbol', 'Helvetica Neue', 'BBAlpha Sans', 'S60 Sans', Arial, sans-serif;\" for='ctl_lastname'>Last Name : <\/label><\/td>\n<td style=\"width:62%;\"><input  placeholder='Last Name' style=\"line-height: 19px; font-size: 14px; font-family: 'Segoe UI', 'Segoe UI Web Regular', 'Segoe UI Symbol', 'Helvetica Neue', 'BBAlpha Sans', 'S60 Sans', Arial, sans-serif; -webkit-appearance: none; border-top-left-radius: 0px; border-top-right-radius: 0px; border-bottom-right-radius: 0px; border-bottom-left-radius: 0px; direction: ltr; -webkit-user-modify: read-write-plaintext-only;padding: 4px 4px; height: 1.571em; width: 292px; color: rgb(33,33,33); border: 1px solid #D2D2D2; background-color: rgba(255, 255, 255, 0.8);border-radius:3px;\" type='text' id='ctl_lastname' name='ctl_lastname'\/><\/td>\n<\/tr>\n<p><!-- [et_pb_line_break_holder] --><\/p>\n<tr>\n<td style=\"width:38%;text-align:right;\"><label style=\"width:100px;font-family: 'Segoe UI', 'Segoe UI Web Regular', 'Segoe UI Symbol', 'Helvetica Neue', 'BBAlpha Sans', 'S60 Sans', Arial, sans-serif;\" for='ctl_email'>Email<strong style=\"color:red;\">*<\/strong> : <\/label><\/td>\n<td style=\"width:62%;\"><input required  pattern=\".*[^ ].*\"  placeholder='Email' style=\"line-height: 19px; font-size: 14px; font-family: 'Segoe UI', 'Segoe UI Web Regular', 'Segoe UI Symbol', 'Helvetica Neue', 'BBAlpha Sans', 'S60 Sans', Arial, sans-serif; -webkit-appearance: none; border-top-left-radius: 0px; border-top-right-radius: 0px; border-bottom-right-radius: 0px; border-bottom-left-radius: 0px; direction: ltr; -webkit-user-modify: read-write-plaintext-only;padding: 4px 4px; height: 1.571em; width: 292px; color: rgb(33,33,33); border: 1px solid #D2D2D2; background-color: rgba(255, 255, 255, 0.8);border-radius:3px;\" type='text' id='ctl_email' name='ctl_email'\/><\/td>\n<\/tr>\n<p><!-- [et_pb_line_break_holder] --><\/p>\n<tr>\n<td style=\"width:38%;text-align:right;\"><label style=\"width:100px;font-family: 'Segoe UI', 'Segoe UI Web Regular', 'Segoe UI Symbol', 'Helvetica Neue', 'BBAlpha Sans', 'S60 Sans', Arial, sans-serif;\" for='ctl_city'>City : <\/label><\/td>\n<td style=\"width:62%;\"><input  placeholder='City' style=\"line-height: 19px; font-size: 14px; font-family: 'Segoe UI', 'Segoe UI Web Regular', 'Segoe UI Symbol', 'Helvetica Neue', 'BBAlpha Sans', 'S60 Sans', Arial, sans-serif; -webkit-appearance: none; border-top-left-radius: 0px; border-top-right-radius: 0px; border-bottom-right-radius: 0px; border-bottom-left-radius: 0px; direction: ltr; -webkit-user-modify: read-write-plaintext-only;padding: 4px 4px; height: 1.571em; width: 292px; color: rgb(33,33,33); border: 1px solid #D2D2D2; background-color: rgba(255, 255, 255, 0.8);border-radius:3px;\" type='text' id='ctl_city' name='ctl_city'\/><\/td>\n<\/tr>\n<p><!-- [et_pb_line_break_holder] --><\/p>\n<tr>\n<td style=\"width:38%;text-align:right;\"><label style=\"width:100px;font-family: 'Segoe UI', 'Segoe UI Web Regular', 'Segoe UI Symbol', 'Helvetica Neue', 'BBAlpha Sans', 'S60 Sans', Arial, sans-serif;\" for='ctl_state'>State : <\/label><\/td>\n<td style=\"width:62%;\"><input  placeholder='State' style=\"line-height: 19px; font-size: 14px; font-family: 'Segoe UI', 'Segoe UI Web Regular', 'Segoe UI Symbol', 'Helvetica Neue', 'BBAlpha Sans', 'S60 Sans', Arial, sans-serif; -webkit-appearance: none; border-top-left-radius: 0px; border-top-right-radius: 0px; border-bottom-right-radius: 0px; border-bottom-left-radius: 0px; direction: ltr; -webkit-user-modify: read-write-plaintext-only;padding: 4px 4px; height: 1.571em; width: 292px; color: rgb(33,33,33); border: 1px solid #D2D2D2; background-color: rgba(255, 255, 255, 0.8);border-radius:3px;\" type='text' id='ctl_state' name='ctl_state'\/><\/td>\n<\/tr>\n<p><!-- [et_pb_line_break_holder] --><\/p>\n<tr>\n<td style=\"width:38%;text-align:right;\"><label style=\"width:100px;font-family: 'Segoe UI', 'Segoe UI Web Regular', 'Segoe UI Symbol', 'Helvetica Neue', 'BBAlpha Sans', 'S60 Sans', Arial, sans-serif;\" for='ctl_udf_827b770f-f6b5-496b-8ccd-9317783fc31c'>How Did You Hear About Us<strong style=\"color:red;\">*<\/strong> : <\/label><\/td>\n<td style=\"width:62%;\"><select required  pattern=\".*[^ ].*\"  style=\"line-height: 19px; font-size: 14px; font-family: 'Segoe UI', 'Segoe UI Web Regular', 'Segoe UI Symbol', 'Helvetica Neue', 'BBAlpha Sans', 'S60 Sans', Arial, sans-serif; border-top-left-radius: 0px; border-top-right-radius: 0px; border-bottom-right-radius: 0px; border-bottom-left-radius: 0px; direction: ltr; padding: 4px 4px; width: 302px; color: rgb(33,33,33); border: 1px solid #D2D2D2; background-color: rgba(255, 255, 255, 0.8);border-radius:3px;\" id='ctl_udf_827b770f-f6b5-496b-8ccd-9317783fc31c' name='ctl_udf_827b770f-f6b5-496b-8ccd-9317783fc31c'><option value='Broadcast TV'>Broadcast TV<\/option><option value='Cable TV'>Cable TV<\/option><option value='College Fair\/Conference\/Event'>College Fair\/Conference\/Event<\/option><option value='Digital\/Online'>Digital\/Online<\/option><option value='Email'>Email<\/option><option value='Internet Search'>Internet Search<\/option><option value='Print Brochure\/Poster'>Print Brochure\/Poster<\/option><option value='Radio'>Radio<\/option><option value='Referral'>Referral<\/option><option value='School'>School<\/option><option value='Social Media'>Social Media<\/option><\/select><\/td>\n<\/tr>\n<p><!-- [et_pb_line_break_holder] --><\/p>\n<tr >\n<td colspan='2' ><!-- [et_pb_line_break_holder] --><input type='hidden' id='g-recaptcha-response' name='g-recaptcha-response'><!-- [et_pb_line_break_holder] --><input type='hidden' name='action' value='validate_captcha'><!-- [et_pb_line_break_holder] --><input type='hidden' id='hdn_cs_submiturl' name='hdn_cs_submiturl' value='https:\/\/chesla.org\/thank-you-for-subscribing\/'><!-- [et_pb_line_break_holder] --><input type='hidden' id='hdn_cs_notify' name='hdn_cs_notify' value='true'><!-- [et_pb_line_break_holder] --><input type='hidden' id='hdn_cs_templateid' name='hdn_cs_templateid' value='undefined'><!-- [et_pb_line_break_holder] --><input type='hidden' id='hdn_cs_id' name='hdn_cs_id' value='7c3121ff-b9b7-438a-993a-4cf07652eb3c'><!-- [et_pb_line_break_holder] --><input type='submit' id='cx_web_submit' style=\"margin-left:35.5%;width:20%;cursor:pointer;font-size: 14px; font-family: 'Segoe UI Web Semibold', 'Segoe UI Web Regular', 'Segoe UI', 'Segoe UI Symbol', 'Helvetica Neue', Arial; -webkit-appearance: none; border-top-left-radius: 0px; border-top-right-radius: 0px; border-bottom-right-radius: 0px; border-bottom-left-radius: 0px; background-color:rgb(0,176,240); color: rgb(255, 255, 255); padding: 5px 16px; border:1px solid rgb(65,133,156);border-radius:3px;margin-top:10px;\" value='Submit'\/><!-- [et_pb_line_break_holder] --><\/td>\n<\/tr>\n<p><!-- [et_pb_line_break_holder] --><\/tbody>\n<p><!-- [et_pb_line_break_holder] --><\/table>\n<p><!-- [et_pb_line_break_holder] --><\/form>\n<p>[\/et_pb_code][et_pb_code _builder_version=&#8221;4.27.4&#8243; _module_preset=&#8221;default&#8221; global_colors_info=&#8221;{}&#8221;]<script src=\"https:\/\/px.premion.com\/pixel.js?pxid=681881e0e359e7457ff7618f&#038;saleamount=SaleAmount&#038;conversion=1\"><\/script>[\/et_pb_code][\/et_pb_column][\/et_pb_row][\/et_pb_section]<\/p>\n","protected":false},"excerpt":{"rendered":"","protected":false},"author":1,"featured_media":0,"parent":0,"menu_order":0,"comment_status":"closed","ping_status":"closed","template":"","meta":{"_acf_changed":false,"_et_pb_use_builder":"on","_et_pb_old_content":"","_et_gb_content_width":"","footnotes":""},"class_list":["post-243890","page","type-page","status-publish","hentry"],"acf":[],"yoast_head":"<!-- This site is optimized with the Yoast SEO Premium plugin v27.1 (Yoast SEO v27.2) - https:\/\/yoast.com\/product\/yoast-seo-premium-wordpress\/ -->\n<title>Subscribe - CHESLA<\/title>\n<meta name=\"robots\" content=\"index, follow, max-snippet:-1, max-image-preview:large, max-video-preview:-1\" \/>\n<link rel=\"canonical\" href=\"https:\/\/chesla.org\/pt\/subscribe\/\" \/>\n<meta property=\"og:locale\" content=\"pt_BR\" \/>\n<meta property=\"og:type\" content=\"article\" \/>\n<meta property=\"og:title\" content=\"Subscribe\" \/>\n<meta property=\"og:url\" content=\"https:\/\/chesla.org\/pt\/subscribe\/\" \/>\n<meta property=\"og:site_name\" content=\"CHESLA\" \/>\n<meta property=\"article:publisher\" content=\"https:\/\/www.facebook.com\/cheslaloans\" \/>\n<meta property=\"article:modified_time\" content=\"2025-08-06T20:49:03+00:00\" \/>\n<meta property=\"og:image\" content=\"https:\/\/chesla.org\/wp-content\/uploads\/2024\/05\/CHESLA-OG-Tag.png\" \/>\n\t<meta property=\"og:image:width\" content=\"1200\" \/>\n\t<meta property=\"og:image:height\" content=\"630\" \/>\n\t<meta property=\"og:image:type\" content=\"image\/png\" \/>\n<meta name=\"twitter:card\" content=\"summary_large_image\" \/>\n<meta name=\"twitter:site\" content=\"@CHESLALoans\" \/>\n<meta name=\"twitter:label1\" content=\"Est. tempo de leitura\" \/>\n\t<meta name=\"twitter:data1\" content=\"1 minuto\" \/>\n<script type=\"application\/ld+json\" class=\"yoast-schema-graph\">{\"@context\":\"https:\/\/schema.org\",\"@graph\":[{\"@type\":\"WebPage\",\"@id\":\"https:\/\/chesla.org\/subscribe\/\",\"url\":\"https:\/\/chesla.org\/subscribe\/\",\"name\":\"Subscribe - CHESLA\",\"isPartOf\":{\"@id\":\"https:\/\/chesla.org\/#website\"},\"datePublished\":\"2024-05-23T18:23:53+00:00\",\"dateModified\":\"2025-08-06T20:49:03+00:00\",\"breadcrumb\":{\"@id\":\"https:\/\/chesla.org\/subscribe\/#breadcrumb\"},\"inLanguage\":\"pt-BR\",\"potentialAction\":[{\"@type\":\"ReadAction\",\"target\":[\"https:\/\/chesla.org\/subscribe\/\"]}]},{\"@type\":\"BreadcrumbList\",\"@id\":\"https:\/\/chesla.org\/subscribe\/#breadcrumb\",\"itemListElement\":[{\"@type\":\"ListItem\",\"position\":1,\"name\":\"Home\",\"item\":\"https:\/\/chesla.org\/\"},{\"@type\":\"ListItem\",\"position\":2,\"name\":\"Subscribe\"}]},{\"@type\":\"WebSite\",\"@id\":\"https:\/\/chesla.org\/#website\",\"url\":\"https:\/\/chesla.org\/\",\"name\":\"CHESLA\",\"description\":\"CT Higher Education Supplemental Loan Authority\",\"publisher\":{\"@id\":\"https:\/\/chesla.org\/#organization\"},\"potentialAction\":[{\"@type\":\"SearchAction\",\"target\":{\"@type\":\"EntryPoint\",\"urlTemplate\":\"https:\/\/chesla.org\/?s={search_term_string}\"},\"query-input\":{\"@type\":\"PropertyValueSpecification\",\"valueRequired\":true,\"valueName\":\"search_term_string\"}}],\"inLanguage\":\"pt-BR\"},{\"@type\":\"Organization\",\"@id\":\"https:\/\/chesla.org\/#organization\",\"name\":\"CHESLA\",\"url\":\"https:\/\/chesla.org\/\",\"logo\":{\"@type\":\"ImageObject\",\"inLanguage\":\"pt-BR\",\"@id\":\"https:\/\/chesla.org\/#\/schema\/logo\/image\/\",\"url\":\"https:\/\/chesla.org\/wp-content\/uploads\/2023\/11\/color-logo-acronym-standard-300px.png\",\"contentUrl\":\"https:\/\/chesla.org\/wp-content\/uploads\/2023\/11\/color-logo-acronym-standard-300px.png\",\"width\":300,\"height\":107,\"caption\":\"CHESLA\"},\"image\":{\"@id\":\"https:\/\/chesla.org\/#\/schema\/logo\/image\/\"},\"sameAs\":[\"https:\/\/www.facebook.com\/cheslaloans\",\"https:\/\/x.com\/CHESLALoans\",\"https:\/\/www.linkedin.com\/company\/chesla\/?reportsuccess=KJ_KkFGTDCfMt-A7wV3Fn9Yvgwr02Kd6AZHGx4bQCDiP6-2rfP2oxyVoEQiPrcAQ7Bf\",\"https:\/\/www.youtube.com\/channel\/UCV8LUkbWunt7tvMYOay1MTA\",\"https:\/\/www.instagram.com\/cheslaloan\/\"],\"description\":\"CHESLA provides financing, information and tools for students and families to make informed decisions about paying for higher education.\"}]}<\/script>\n<!-- \/ Yoast SEO Premium plugin. -->","yoast_head_json":{"title":"Subscribe - CHESLA","robots":{"index":"index","follow":"follow","max-snippet":"max-snippet:-1","max-image-preview":"max-image-preview:large","max-video-preview":"max-video-preview:-1"},"canonical":"https:\/\/chesla.org\/pt\/subscribe\/","og_locale":"pt_BR","og_type":"article","og_title":"Subscribe","og_url":"https:\/\/chesla.org\/pt\/subscribe\/","og_site_name":"CHESLA","article_publisher":"https:\/\/www.facebook.com\/cheslaloans","article_modified_time":"2025-08-06T20:49:03+00:00","og_image":[{"width":1200,"height":630,"url":"https:\/\/chesla.org\/wp-content\/uploads\/2024\/05\/CHESLA-OG-Tag.png","type":"image\/png"}],"twitter_card":"summary_large_image","twitter_site":"@CHESLALoans","twitter_misc":{"Est. tempo de leitura":"1 minuto"},"schema":{"@context":"https:\/\/schema.org","@graph":[{"@type":"WebPage","@id":"https:\/\/chesla.org\/subscribe\/","url":"https:\/\/chesla.org\/subscribe\/","name":"Subscribe - CHESLA","isPartOf":{"@id":"https:\/\/chesla.org\/#website"},"datePublished":"2024-05-23T18:23:53+00:00","dateModified":"2025-08-06T20:49:03+00:00","breadcrumb":{"@id":"https:\/\/chesla.org\/subscribe\/#breadcrumb"},"inLanguage":"pt-BR","potentialAction":[{"@type":"ReadAction","target":["https:\/\/chesla.org\/subscribe\/"]}]},{"@type":"BreadcrumbList","@id":"https:\/\/chesla.org\/subscribe\/#breadcrumb","itemListElement":[{"@type":"ListItem","position":1,"name":"Home","item":"https:\/\/chesla.org\/"},{"@type":"ListItem","position":2,"name":"Subscribe"}]},{"@type":"WebSite","@id":"https:\/\/chesla.org\/#website","url":"https:\/\/chesla.org\/","name":"CHESLA","description":"Autoridade de Empr\u00e9stimo Suplementar para Ensino Superior CT","publisher":{"@id":"https:\/\/chesla.org\/#organization"},"potentialAction":[{"@type":"SearchAction","target":{"@type":"EntryPoint","urlTemplate":"https:\/\/chesla.org\/?s={search_term_string}"},"query-input":{"@type":"PropertyValueSpecification","valueRequired":true,"valueName":"search_term_string"}}],"inLanguage":"pt-BR"},{"@type":"Organization","@id":"https:\/\/chesla.org\/#organization","name":"CHESLA","url":"https:\/\/chesla.org\/","logo":{"@type":"ImageObject","inLanguage":"pt-BR","@id":"https:\/\/chesla.org\/#\/schema\/logo\/image\/","url":"https:\/\/chesla.org\/wp-content\/uploads\/2023\/11\/color-logo-acronym-standard-300px.png","contentUrl":"https:\/\/chesla.org\/wp-content\/uploads\/2023\/11\/color-logo-acronym-standard-300px.png","width":300,"height":107,"caption":"CHESLA"},"image":{"@id":"https:\/\/chesla.org\/#\/schema\/logo\/image\/"},"sameAs":["https:\/\/www.facebook.com\/cheslaloans","https:\/\/x.com\/CHESLALoans","https:\/\/www.linkedin.com\/company\/chesla\/?reportsuccess=KJ_KkFGTDCfMt-A7wV3Fn9Yvgwr02Kd6AZHGx4bQCDiP6-2rfP2oxyVoEQiPrcAQ7Bf","https:\/\/www.youtube.com\/channel\/UCV8LUkbWunt7tvMYOay1MTA","https:\/\/www.instagram.com\/cheslaloan\/"],"description":"CHESLA fornece financiamento, informa\u00e7\u00f5es e ferramentas para estudantes e fam\u00edlias tomarem decis\u00f5es informadas sobre o pagamento do ensino superior."}]}},"_links":{"self":[{"href":"https:\/\/chesla.org\/pt\/wp-json\/wp\/v2\/pages\/243890","targetHints":{"allow":["GET"]}}],"collection":[{"href":"https:\/\/chesla.org\/pt\/wp-json\/wp\/v2\/pages"}],"about":[{"href":"https:\/\/chesla.org\/pt\/wp-json\/wp\/v2\/types\/page"}],"author":[{"embeddable":true,"href":"https:\/\/chesla.org\/pt\/wp-json\/wp\/v2\/users\/1"}],"replies":[{"embeddable":true,"href":"https:\/\/chesla.org\/pt\/wp-json\/wp\/v2\/comments?post=243890"}],"version-history":[{"count":12,"href":"https:\/\/chesla.org\/pt\/wp-json\/wp\/v2\/pages\/243890\/revisions"}],"predecessor-version":[{"id":244931,"href":"https:\/\/chesla.org\/pt\/wp-json\/wp\/v2\/pages\/243890\/revisions\/244931"}],"wp:attachment":[{"href":"https:\/\/chesla.org\/pt\/wp-json\/wp\/v2\/media?parent=243890"}],"curies":[{"name":"wp","href":"https:\/\/api.w.org\/{rel}","templated":true}]}}