{"id":241936,"date":"2024-02-14T17:06:03","date_gmt":"2024-02-14T17:06:03","guid":{"rendered":"https:\/\/chesla.org\/?page_id=241936"},"modified":"2024-04-24T11:28:31","modified_gmt":"2024-04-24T15:28:31","slug":"privacy-policy","status":"publish","type":"page","link":"https:\/\/chesla.org\/pt\/privacy-policy\/","title":{"rendered":"pol\u00edtica de Privacidade"},"content":{"rendered":"<p>[et_pb_section fb_built=&#8221;1&#8243; custom_padding_last_edited=&#8221;on|phone&#8221; _builder_version=&#8221;4.23.1&#8243; _module_preset=&#8221;default&#8221; use_background_color_gradient=&#8221;on&#8221; background_color_gradient_direction=&#8221;98deg&#8221; background_color_gradient_stops=&#8221;rgba(11,65,99,0) 0%|rgba(11,65,99,0.93) 100%&#8221; background_color_gradient_overlays_image=&#8221;on&#8221; background_image=&#8221;https:\/\/chesla.org\/wp-content\/uploads\/2024\/02\/young-happy-male-freelancer-casual-clothes-sitting-cafe-with-laptop-using-mobile-phone-scaled.jpg&#8221; background_position=&#8221;top_center&#8221; background_vertical_offset=&#8221;96%&#8221; custom_padding=&#8221;5rem||5rem||false|false&#8221; custom_padding_tablet=&#8221;&#8221; custom_padding_phone=&#8221;11rem||1rem||false|false&#8221; background_last_edited=&#8221;on|phone&#8221; use_background_color_gradient_phone=&#8221;on&#8221; background_color_gradient_direction_phone=&#8221;180deg&#8221; background_color_gradient_stops_phone=&#8221;rgba(11,65,99,0) 0%|rgba(11,65,99,0.93) 73%&#8221; background_image_phone=&#8221;https:\/\/chesla.org\/wp-content\/uploads\/2024\/02\/young-happy-male-freelancer-casual-clothes-sitting-cafe-with-laptop-using-mobile-phone-scaled.jpg&#8221; background_enable_image_phone=&#8221;on&#8221; global_colors_info=&#8221;{}&#8221;][et_pb_row _builder_version=&#8221;4.23.1&#8243; _module_preset=&#8221;default&#8221; global_colors_info=&#8221;{}&#8221;][et_pb_column type=&#8221;4_4&#8243; _builder_version=&#8221;4.23.1&#8243; _module_preset=&#8221;default&#8221; global_colors_info=&#8221;{}&#8221;][et_pb_text _builder_version=&#8221;4.23.1&#8243; _module_preset=&#8221;default&#8221; text_font_size=&#8221;17px&#8221; text_line_height=&#8221;1.6em&#8221; header_font=&#8221;||||||||&#8221; header_font_size=&#8221;43px&#8221; header_line_height=&#8221;1.2em&#8221; header_2_font_size=&#8221;48px&#8221; header_2_line_height=&#8221;1.2em&#8221; background_layout=&#8221;dark&#8221; max_width=&#8221;640px&#8221; max_width_tablet=&#8221;75%&#8221; max_width_phone=&#8221;100%&#8221; max_width_last_edited=&#8221;on|tablet&#8221; module_alignment=&#8221;right&#8221; text_font_size_tablet=&#8221;17px&#8221; text_font_size_phone=&#8221;15px&#8221; text_font_size_last_edited=&#8221;on|phone&#8221; header_font_size_tablet=&#8221;34px&#8221; header_font_size_phone=&#8221;34px&#8221; header_font_size_last_edited=&#8221;on|tablet&#8221; header_line_height_tablet=&#8221;1.2em&#8221; header_line_height_phone=&#8221;1em&#8221; header_line_height_last_edited=&#8221;on|phone&#8221; header_2_font_size_tablet=&#8221;48px&#8221; header_2_font_size_phone=&#8221;36px&#8221; header_2_font_size_last_edited=&#8221;on|phone&#8221; global_colors_info=&#8221;{}&#8221;]<\/p>\n<h1>Privacy Policy<\/h1>\n<p>[\/et_pb_text][\/et_pb_column][\/et_pb_row][\/et_pb_section][et_pb_section fb_built=&#8221;1&#8243; _builder_version=&#8221;4.23.1&#8243; _module_preset=&#8221;default&#8221; custom_padding=&#8221;2rem||2rem||true|false&#8221; global_colors_info=&#8221;{}&#8221;][et_pb_row custom_padding_last_edited=&#8221;on|phone&#8221; _builder_version=&#8221;4.23.1&#8243; _module_preset=&#8221;default&#8221; background_color=&#8221;#f2f2f2&#8243; max_width=&#8221;1280px&#8221; custom_margin=&#8221;5rem||||false|false&#8221; custom_padding=&#8221;3rem|3rem|3rem|3rem|true|true&#8221; custom_padding_tablet=&#8221;3rem|3rem|3rem|3rem|true|true&#8221; custom_padding_phone=&#8221;3rem|1rem|3rem|1rem|true|true&#8221; global_colors_info=&#8221;{}&#8221;][et_pb_column type=&#8221;4_4&#8243; _builder_version=&#8221;4.23.1&#8243; _module_preset=&#8221;default&#8221; custom_padding=&#8221;||||false|true&#8221; custom_padding_tablet=&#8221;|1rem||1rem|false|true&#8221; custom_padding_phone=&#8221;|0rem||0rem|false|true&#8221; custom_padding_last_edited=&#8221;on|tablet&#8221; global_colors_info=&#8221;{}&#8221;][et_pb_text _builder_version=&#8221;4.25.0&#8243; _module_preset=&#8221;default&#8221; header_5_text_align=&#8221;center&#8221; width=&#8221;85%&#8221; width_tablet=&#8221;85%&#8221; width_phone=&#8221;&#8221; width_last_edited=&#8221;on|phone&#8221; module_alignment=&#8221;center&#8221; hover_enabled=&#8221;0&#8243; global_colors_info=&#8221;{}&#8221; sticky_enabled=&#8221;0&#8243;]<\/p>\n<h2 align=\"center\"><strong>Connecticut Higher Education Supplemental Loan Authority Website<\/strong><\/h2>\n<h4 align=\"center\"><strong>Privacy Policy<\/strong><\/h4>\n<p>&nbsp;<\/p>\n<p><span style=\"font-weight: 400;\">Welcome to the <\/span><span style=\"font-weight: 400;\">Connecticut Higher Education Supplemental Loan Authority <\/span><span style=\"font-weight: 400;\">website (\u201cWebsite\u201d).\u00a0 The Website is managed by the Connecticut Higher Education Supplemental Loan Authority (\u201cCHESLA\u201d).\u00a0 When the words \u201cyou\u201d or \u201cyour\u201d are used in this Privacy Policy we mean you and any visitor of the Website.\u00a0 When the words \u201cwe\u201d or \u201cus\u201d are used in this Privacy Policy, we mean CHESLA.<\/span><\/p>\n<p>&nbsp;<\/p>\n<p><span style=\"font-weight: 400;\">We reserve the right to make changes to this Website and to modify this Privacy Policy at any time at our sole discretion.\u00a0 We encourage you to review the Privacy Policy frequently for such modifications. <\/span><\/p>\n<p>&nbsp;<\/p>\n<p><span style=\"font-weight: 400;\">This Privacy Policy describes our agreement with you regarding how we will handle certain information on the Website.\u00a0 This Privacy Policy does not address information obtained from other sources such as submissions by mail, phone or other devices or from personal contact. By accessing the Website and\/or providing information to us on the Website, you consent to the collection, use and disclosure of certain information in accordance with this Privacy Policy.<\/span><\/p>\n<p>&nbsp;<\/p>\n<h4><strong><u>Information<\/u><\/strong><strong><u>\u00a0Collected on Our Website<\/u><\/strong><\/h4>\n<p><span style=\"font-weight: 400;\">If you merely download material or browse through the Website, our servers may automatically collect certain information from you which may include: (a) the name of the domain and host from which you access the Internet; (b) the browser software you use and your operating system; and (c) the Internet address of the website from which you linked to the Website. The information we automatically collect may be used to improve the Website to make it as useful as possible for our visitors; and, such information may be tied to the personal information you choose to provide to us.<\/span><\/p>\n<p>&nbsp;<\/p>\n<p><span style=\"font-weight: 400;\">We do collect and keep personal information when you choose to voluntarily submit such information. For example, if you choose to fill out a form on the Website, or provide your email address, we retain the information submitted by you.\u00a0 You should not submit any information that you do not want to be retained.\u00a0 We are public agencies under the Connecticut Freedom of Information Act; therefore, this information may be subject to public inspection if not protected by federal or state law.\u00a0 Please note that if we decide to change the manner in which we use personal information, we may update this Privacy Policy at our sole discretion.<\/span><\/p>\n<p>&nbsp;<\/p>\n<p><span style=\"text-decoration: underline;\"><span style=\"font-weight: 400;\">NOTICE TO CHILDREN UNDER THE AGE OF 13 AND THEIR PARENTS OR LEGAL GUARDIANS<\/span><\/span><span style=\"font-weight: 400;\">: IF YOU ARE UNDER THE AGE OF 13 AND WOULD LIKE TO CONTACT US PLEASE DO SO THROUGH YOUR PARENTS OR LEGAL GUARDIANS.\u00a0 WE DO NOT KNOWINGLY COLLECT PERSONAL INFORMATION FROM CHILDREN UNDER THE AGE OF 13. IF YOU ARE UNDER THE AGE OF 13, DO NOT SEND US ANY PERSONAL INFORMATION INCLUDING WITHOUT LIMITATION YOUR EMAIL ADDRESS, NAME AND\/OR CONTACT INFORMATION.<\/span><\/p>\n<p>&nbsp;<\/p>\n<h4><strong><u>Disclosure\u00a0<\/u><\/strong><strong><u>of Personal Information to Third Parties<\/u><\/strong><\/h4>\n<p>We do not sell or rent the personal information you choose to provide to us to any third party. Also, we will not disclose the personal information you provide to us to any third party without your consent, except (a) as required by law or (b) to service providers where the disclosure will enable that party to perform business, professional or technical support.<\/p>\n<p>&nbsp;<\/p>\n<p>We may be required to disclose personal information in response to valid legal process, such as a search warrant, subpoena, or court order, or pursuant to the Connecticut Freedom of Information Act.<\/p>\n<p>&nbsp;<\/p>\n<p>&nbsp;<\/p>\n<h4><strong><u>Receiving<\/u><\/strong>\u00a0<strong><u>Materials<\/u><\/strong><\/h4>\n<p>We may send you informational materials such as newsletters by email or postal mail when you submit addresses via the Website. By your using the Website and providing your email or postal mail addresses, you are consenting to our sending you such informational materials. \u00a0If you do not want to receive information materials, please select \u2018unsubscribe\u2019 and follow the procedure or send an email with your name, mailing address and email address to\u00a0<a href=\"mailto:jhurlock@chesla.org\">jhurlock@chesla.org<\/a>.\u00a0 When we receive your request, we will take reasonable steps to remove your name from such lists.<\/p>\n<p>&nbsp;<\/p>\n<h4><strong><u>Cookies<\/u><\/strong><\/h4>\n<p>A cookie is a small text file that a website can place on your computer&#8217;s hard drive for record-keeping or other administrative purposes. Our Website may use cookies to help to personalize your experience on the Website. You have the ability to accept or decline cookies. Although most web browsers accept cookies automatically, usually you can modify your browser setting to decline cookies. If you decide to decline cookies, you may not be able to fully use the features of the Website. Cookies may also be used at certain sites accessible through links on the Website.<\/p>\n<p>&nbsp;<\/p>\n<h4><strong><u>Google Analytics<\/u><\/strong><\/h4>\n<p>The Website uses Google Analytics to help analyze how users use the site. The tool uses cookies (described above) to collect standard Internet log information and visitor behavior information in an anonymous form. The information generated by the cookie about your use of the website (including IP address) is transmitted to Google. This information is then used to evaluate visitors\u2019 use of the website and to compile statistical reports on website activity.\u00a0You can prevent Google Analytics from recognizing you on return visits to this site by disabling cookies on your browser.<\/p>\n<h4><strong><u>Links<\/u><\/strong><strong><u>\u00a0to Other Websites<\/u><\/strong><\/h4>\n<p>We are not responsible for the practices or policies of the websites linked to or from the Website, including without limitation their privacy practices or policies. If you elect to use a link that accesses another party\u2019s website, you will be subject to that website\u2019s practices and policies.<\/p>\n<p>&nbsp;<\/p>\n<h4><strong><u>Security<\/u><\/strong><\/h4>\n<p>We take precautions to protect your information. When you submit sensitive information via the website, your information is protected both online and offline.\u00a0 Only employees who need the information to perform a specific job are granted access to personally identifiable information. The computers\/servers in which we store personally identifiable information are kept in a secure environment.<\/p>\n<p>&nbsp;<\/p>\n<p><strong><u>How to Contact Us<\/u><\/strong>: If you have questions about this Privacy Policy or if you wish that we modify the personal information that we have collected, you can contact us at\u00a0<a href=\"mailto:jhurlock@chesla.org\">jhurlock@chesla.org<\/a>, or our\u00a0<a href=\"https:\/\/chesla.org\/contact\/\">online contact form<\/a>, or by phone at (860) 520-4001 and ask for our website coordinator.<\/p>\n<p>&nbsp;<\/p>\n<p>January 27, 2021<\/p>\n<p>[\/et_pb_text][\/et_pb_column][\/et_pb_row][\/et_pb_section]<\/p>\n","protected":false},"excerpt":{"rendered":"<p>Privacy PolicyConnecticut Higher Education Supplemental Loan Authority Website Privacy Policy &nbsp; Welcome to the Connecticut Higher Education Supplemental Loan Authority website (\u201cWebsite\u201d).\u00a0 The Website is managed by the Connecticut Higher [&hellip;]<\/p>\n","protected":false},"author":1,"featured_media":0,"parent":0,"menu_order":0,"comment_status":"closed","ping_status":"closed","template":"","meta":{"_acf_changed":false,"_et_pb_use_builder":"on","_et_pb_old_content":"","_et_gb_content_width":"","footnotes":""},"class_list":["post-241936","page","type-page","status-publish","hentry"],"acf":[],"yoast_head":"<!-- This site is optimized with the Yoast SEO Premium plugin v27.1 (Yoast SEO v27.2) - https:\/\/yoast.com\/product\/yoast-seo-premium-wordpress\/ -->\n<title>Privacy Policy - CHESLA<\/title>\n<meta name=\"robots\" content=\"index, follow, max-snippet:-1, max-image-preview:large, max-video-preview:-1\" \/>\n<link rel=\"canonical\" href=\"https:\/\/chesla.org\/pt\/privacy-policy\/\" \/>\n<meta property=\"og:locale\" content=\"pt_BR\" \/>\n<meta property=\"og:type\" content=\"article\" \/>\n<meta property=\"og:title\" content=\"Privacy Policy\" \/>\n<meta property=\"og:description\" content=\"Privacy PolicyConnecticut Higher Education Supplemental Loan Authority Website Privacy Policy &nbsp; Welcome to the Connecticut Higher Education Supplemental Loan Authority website (\u201cWebsite\u201d).\u00a0 The Website is managed by the Connecticut Higher [&hellip;]\" \/>\n<meta property=\"og:url\" content=\"https:\/\/chesla.org\/pt\/privacy-policy\/\" \/>\n<meta property=\"og:site_name\" content=\"CHESLA\" \/>\n<meta property=\"article:publisher\" content=\"https:\/\/www.facebook.com\/cheslaloans\" \/>\n<meta property=\"article:modified_time\" content=\"2024-04-24T15:28:31+00:00\" \/>\n<meta property=\"og:image\" content=\"https:\/\/chesla.org\/wp-content\/uploads\/2024\/05\/CHESLA-OG-Tag.png\" \/>\n\t<meta property=\"og:image:width\" content=\"1200\" \/>\n\t<meta property=\"og:image:height\" content=\"630\" \/>\n\t<meta property=\"og:image:type\" content=\"image\/png\" \/>\n<meta name=\"twitter:card\" content=\"summary_large_image\" \/>\n<meta name=\"twitter:site\" content=\"@CHESLALoans\" \/>\n<meta name=\"twitter:label1\" content=\"Est. tempo de leitura\" \/>\n\t<meta name=\"twitter:data1\" content=\"7 minutos\" \/>\n<script type=\"application\/ld+json\" class=\"yoast-schema-graph\">{\"@context\":\"https:\/\/schema.org\",\"@graph\":[{\"@type\":\"WebPage\",\"@id\":\"https:\/\/chesla.org\/privacy-policy\/\",\"url\":\"https:\/\/chesla.org\/privacy-policy\/\",\"name\":\"Privacy Policy - CHESLA\",\"isPartOf\":{\"@id\":\"https:\/\/chesla.org\/#website\"},\"datePublished\":\"2024-02-14T17:06:03+00:00\",\"dateModified\":\"2024-04-24T15:28:31+00:00\",\"breadcrumb\":{\"@id\":\"https:\/\/chesla.org\/privacy-policy\/#breadcrumb\"},\"inLanguage\":\"pt-BR\",\"potentialAction\":[{\"@type\":\"ReadAction\",\"target\":[\"https:\/\/chesla.org\/privacy-policy\/\"]}]},{\"@type\":\"BreadcrumbList\",\"@id\":\"https:\/\/chesla.org\/privacy-policy\/#breadcrumb\",\"itemListElement\":[{\"@type\":\"ListItem\",\"position\":1,\"name\":\"Home\",\"item\":\"https:\/\/chesla.org\/\"},{\"@type\":\"ListItem\",\"position\":2,\"name\":\"Privacy Policy\"}]},{\"@type\":\"WebSite\",\"@id\":\"https:\/\/chesla.org\/#website\",\"url\":\"https:\/\/chesla.org\/\",\"name\":\"CHESLA\",\"description\":\"CT Higher Education Supplemental Loan Authority\",\"publisher\":{\"@id\":\"https:\/\/chesla.org\/#organization\"},\"potentialAction\":[{\"@type\":\"SearchAction\",\"target\":{\"@type\":\"EntryPoint\",\"urlTemplate\":\"https:\/\/chesla.org\/?s={search_term_string}\"},\"query-input\":{\"@type\":\"PropertyValueSpecification\",\"valueRequired\":true,\"valueName\":\"search_term_string\"}}],\"inLanguage\":\"pt-BR\"},{\"@type\":\"Organization\",\"@id\":\"https:\/\/chesla.org\/#organization\",\"name\":\"CHESLA\",\"url\":\"https:\/\/chesla.org\/\",\"logo\":{\"@type\":\"ImageObject\",\"inLanguage\":\"pt-BR\",\"@id\":\"https:\/\/chesla.org\/#\/schema\/logo\/image\/\",\"url\":\"https:\/\/chesla.org\/wp-content\/uploads\/2023\/11\/color-logo-acronym-standard-300px.png\",\"contentUrl\":\"https:\/\/chesla.org\/wp-content\/uploads\/2023\/11\/color-logo-acronym-standard-300px.png\",\"width\":300,\"height\":107,\"caption\":\"CHESLA\"},\"image\":{\"@id\":\"https:\/\/chesla.org\/#\/schema\/logo\/image\/\"},\"sameAs\":[\"https:\/\/www.facebook.com\/cheslaloans\",\"https:\/\/x.com\/CHESLALoans\",\"https:\/\/www.linkedin.com\/company\/chesla\/?reportsuccess=KJ_KkFGTDCfMt-A7wV3Fn9Yvgwr02Kd6AZHGx4bQCDiP6-2rfP2oxyVoEQiPrcAQ7Bf\",\"https:\/\/www.youtube.com\/channel\/UCV8LUkbWunt7tvMYOay1MTA\",\"https:\/\/www.instagram.com\/cheslaloan\/\"],\"description\":\"CHESLA provides financing, information and tools for students and families to make informed decisions about paying for higher education.\"}]}<\/script>\n<!-- \/ Yoast SEO Premium plugin. -->","yoast_head_json":{"title":"Privacy Policy - CHESLA","robots":{"index":"index","follow":"follow","max-snippet":"max-snippet:-1","max-image-preview":"max-image-preview:large","max-video-preview":"max-video-preview:-1"},"canonical":"https:\/\/chesla.org\/pt\/privacy-policy\/","og_locale":"pt_BR","og_type":"article","og_title":"Privacy Policy","og_description":"Privacy PolicyConnecticut Higher Education Supplemental Loan Authority Website Privacy Policy &nbsp; Welcome to the Connecticut Higher Education Supplemental Loan Authority website (\u201cWebsite\u201d).\u00a0 The Website is managed by the Connecticut Higher [&hellip;]","og_url":"https:\/\/chesla.org\/pt\/privacy-policy\/","og_site_name":"CHESLA","article_publisher":"https:\/\/www.facebook.com\/cheslaloans","article_modified_time":"2024-04-24T15:28:31+00:00","og_image":[{"width":1200,"height":630,"url":"https:\/\/chesla.org\/wp-content\/uploads\/2024\/05\/CHESLA-OG-Tag.png","type":"image\/png"}],"twitter_card":"summary_large_image","twitter_site":"@CHESLALoans","twitter_misc":{"Est. tempo de leitura":"7 minutos"},"schema":{"@context":"https:\/\/schema.org","@graph":[{"@type":"WebPage","@id":"https:\/\/chesla.org\/privacy-policy\/","url":"https:\/\/chesla.org\/privacy-policy\/","name":"Privacy Policy - CHESLA","isPartOf":{"@id":"https:\/\/chesla.org\/#website"},"datePublished":"2024-02-14T17:06:03+00:00","dateModified":"2024-04-24T15:28:31+00:00","breadcrumb":{"@id":"https:\/\/chesla.org\/privacy-policy\/#breadcrumb"},"inLanguage":"pt-BR","potentialAction":[{"@type":"ReadAction","target":["https:\/\/chesla.org\/privacy-policy\/"]}]},{"@type":"BreadcrumbList","@id":"https:\/\/chesla.org\/privacy-policy\/#breadcrumb","itemListElement":[{"@type":"ListItem","position":1,"name":"Home","item":"https:\/\/chesla.org\/"},{"@type":"ListItem","position":2,"name":"Privacy Policy"}]},{"@type":"WebSite","@id":"https:\/\/chesla.org\/#website","url":"https:\/\/chesla.org\/","name":"CHESLA","description":"Autoridade de Empr\u00e9stimo Suplementar para Ensino Superior CT","publisher":{"@id":"https:\/\/chesla.org\/#organization"},"potentialAction":[{"@type":"SearchAction","target":{"@type":"EntryPoint","urlTemplate":"https:\/\/chesla.org\/?s={search_term_string}"},"query-input":{"@type":"PropertyValueSpecification","valueRequired":true,"valueName":"search_term_string"}}],"inLanguage":"pt-BR"},{"@type":"Organization","@id":"https:\/\/chesla.org\/#organization","name":"CHESLA","url":"https:\/\/chesla.org\/","logo":{"@type":"ImageObject","inLanguage":"pt-BR","@id":"https:\/\/chesla.org\/#\/schema\/logo\/image\/","url":"https:\/\/chesla.org\/wp-content\/uploads\/2023\/11\/color-logo-acronym-standard-300px.png","contentUrl":"https:\/\/chesla.org\/wp-content\/uploads\/2023\/11\/color-logo-acronym-standard-300px.png","width":300,"height":107,"caption":"CHESLA"},"image":{"@id":"https:\/\/chesla.org\/#\/schema\/logo\/image\/"},"sameAs":["https:\/\/www.facebook.com\/cheslaloans","https:\/\/x.com\/CHESLALoans","https:\/\/www.linkedin.com\/company\/chesla\/?reportsuccess=KJ_KkFGTDCfMt-A7wV3Fn9Yvgwr02Kd6AZHGx4bQCDiP6-2rfP2oxyVoEQiPrcAQ7Bf","https:\/\/www.youtube.com\/channel\/UCV8LUkbWunt7tvMYOay1MTA","https:\/\/www.instagram.com\/cheslaloan\/"],"description":"CHESLA fornece financiamento, informa\u00e7\u00f5es e ferramentas para estudantes e fam\u00edlias tomarem decis\u00f5es informadas sobre o pagamento do ensino superior."}]}},"_links":{"self":[{"href":"https:\/\/chesla.org\/pt\/wp-json\/wp\/v2\/pages\/241936","targetHints":{"allow":["GET"]}}],"collection":[{"href":"https:\/\/chesla.org\/pt\/wp-json\/wp\/v2\/pages"}],"about":[{"href":"https:\/\/chesla.org\/pt\/wp-json\/wp\/v2\/types\/page"}],"author":[{"embeddable":true,"href":"https:\/\/chesla.org\/pt\/wp-json\/wp\/v2\/users\/1"}],"replies":[{"embeddable":true,"href":"https:\/\/chesla.org\/pt\/wp-json\/wp\/v2\/comments?post=241936"}],"version-history":[{"count":4,"href":"https:\/\/chesla.org\/pt\/wp-json\/wp\/v2\/pages\/241936\/revisions"}],"predecessor-version":[{"id":243353,"href":"https:\/\/chesla.org\/pt\/wp-json\/wp\/v2\/pages\/241936\/revisions\/243353"}],"wp:attachment":[{"href":"https:\/\/chesla.org\/pt\/wp-json\/wp\/v2\/media?parent=241936"}],"curies":[{"name":"wp","href":"https:\/\/api.w.org\/{rel}","templated":true}]}}