{"id":241929,"date":"2024-02-14T17:01:05","date_gmt":"2024-02-14T17:01:05","guid":{"rendered":"https:\/\/chesla.org\/?page_id=241929"},"modified":"2024-02-14T17:01:07","modified_gmt":"2024-02-14T17:01:07","slug":"terms-of-use","status":"publish","type":"page","link":"https:\/\/chesla.org\/pt\/terms-of-use\/","title":{"rendered":"Termos de uso"},"content":{"rendered":"<p>[et_pb_section fb_built=&#8221;1&#8243; custom_padding_last_edited=&#8221;on|phone&#8221; _builder_version=&#8221;4.23.1&#8243; _module_preset=&#8221;default&#8221; use_background_color_gradient=&#8221;on&#8221; background_color_gradient_direction=&#8221;98deg&#8221; background_color_gradient_stops=&#8221;rgba(11,65,99,0) 0%|rgba(11,65,99,0.93) 100%&#8221; background_color_gradient_overlays_image=&#8221;on&#8221; background_image=&#8221;https:\/\/chesla.org\/wp-content\/uploads\/2024\/02\/young-happy-male-freelancer-casual-clothes-sitting-cafe-with-laptop-using-mobile-phone-scaled.jpg&#8221; background_position=&#8221;top_center&#8221; background_vertical_offset=&#8221;96%&#8221; custom_padding=&#8221;5rem||5rem||false|false&#8221; custom_padding_tablet=&#8221;&#8221; custom_padding_phone=&#8221;11rem||1rem||false|false&#8221; hover_enabled=&#8221;0&#8243; background_last_edited=&#8221;on|phone&#8221; use_background_color_gradient_phone=&#8221;on&#8221; background_color_gradient_direction_phone=&#8221;180deg&#8221; background_color_gradient_stops_phone=&#8221;rgba(11,65,99,0) 0%|rgba(11,65,99,0.93) 73%&#8221; background_image_phone=&#8221;https:\/\/chesla.org\/wp-content\/uploads\/2024\/02\/young-happy-male-freelancer-casual-clothes-sitting-cafe-with-laptop-using-mobile-phone-scaled.jpg&#8221; background_enable_image_phone=&#8221;on&#8221; global_colors_info=&#8221;{}&#8221; theme_builder_area=&#8221;post_content&#8221; title_text=&#8221;young-happy-male-freelancer-casual-clothes-sitting-cafe-with-laptop-using-mobile-phone&#8221; sticky_enabled=&#8221;0&#8243;][et_pb_row _builder_version=&#8221;4.23.1&#8243; _module_preset=&#8221;default&#8221; global_colors_info=&#8221;{}&#8221; theme_builder_area=&#8221;post_content&#8221;][et_pb_column type=&#8221;4_4&#8243; _builder_version=&#8221;4.23.1&#8243; _module_preset=&#8221;default&#8221; global_colors_info=&#8221;{}&#8221; theme_builder_area=&#8221;post_content&#8221;][et_pb_text _builder_version=&#8221;4.23.1&#8243; _module_preset=&#8221;default&#8221; text_font_size=&#8221;17px&#8221; text_line_height=&#8221;1.6em&#8221; header_font=&#8221;||||||||&#8221; header_font_size=&#8221;43px&#8221; header_line_height=&#8221;1.2em&#8221; header_2_font_size=&#8221;48px&#8221; header_2_line_height=&#8221;1.2em&#8221; background_layout=&#8221;dark&#8221; max_width=&#8221;640px&#8221; max_width_tablet=&#8221;75%&#8221; max_width_phone=&#8221;100%&#8221; max_width_last_edited=&#8221;on|tablet&#8221; module_alignment=&#8221;right&#8221; hover_enabled=&#8221;0&#8243; text_font_size_tablet=&#8221;17px&#8221; text_font_size_phone=&#8221;15px&#8221; text_font_size_last_edited=&#8221;on|phone&#8221; header_font_size_tablet=&#8221;34px&#8221; header_font_size_phone=&#8221;34px&#8221; header_font_size_last_edited=&#8221;on|tablet&#8221; header_line_height_tablet=&#8221;1.2em&#8221; header_line_height_phone=&#8221;1em&#8221; header_line_height_last_edited=&#8221;on|phone&#8221; header_2_font_size_tablet=&#8221;48px&#8221; header_2_font_size_phone=&#8221;36px&#8221; header_2_font_size_last_edited=&#8221;on|phone&#8221; global_colors_info=&#8221;{}&#8221; theme_builder_area=&#8221;post_content&#8221; sticky_enabled=&#8221;0&#8243;]<\/p>\n<h1>Terms of Use<\/h1>\n<p>[\/et_pb_text][\/et_pb_column][\/et_pb_row][\/et_pb_section][et_pb_section fb_built=&#8221;1&#8243; _builder_version=&#8221;4.23.1&#8243; _module_preset=&#8221;default&#8221; custom_padding=&#8221;2rem||2rem||true|false&#8221; global_colors_info=&#8221;{}&#8221; theme_builder_area=&#8221;post_content&#8221;][et_pb_row _builder_version=&#8221;4.23.1&#8243; _module_preset=&#8221;default&#8221; max_width=&#8221;1280px&#8221; custom_padding=&#8221;3rem|3rem|3rem|3rem|true|true&#8221; hover_enabled=&#8221;0&#8243; global_colors_info=&#8221;{}&#8221; theme_builder_area=&#8221;post_content&#8221; sticky_enabled=&#8221;0&#8243; background_color=&#8221;#f2f2f2&#8243; custom_margin=&#8221;5rem||||false|false&#8221; custom_padding_last_edited=&#8221;on|phone&#8221; custom_padding_phone=&#8221;3rem|1rem|3rem|1rem|true|true&#8221; custom_padding_tablet=&#8221;3rem|3rem|3rem|3rem|true|true&#8221;][et_pb_column type=&#8221;4_4&#8243; _builder_version=&#8221;4.23.1&#8243; _module_preset=&#8221;default&#8221; custom_padding=&#8221;||||false|true&#8221; custom_padding_tablet=&#8221;|1rem||1rem|false|true&#8221; custom_padding_phone=&#8221;|0rem||0rem|false|true&#8221; custom_padding_last_edited=&#8221;on|tablet&#8221; global_colors_info=&#8221;{}&#8221; theme_builder_area=&#8221;post_content&#8221;][et_pb_text _builder_version=&#8221;4.23.1&#8243; _module_preset=&#8221;default&#8221; theme_builder_area=&#8221;post_content&#8221; hover_enabled=&#8221;0&#8243; sticky_enabled=&#8221;0&#8243; width=&#8221;85%&#8221; module_alignment=&#8221;center&#8221; width_last_edited=&#8221;on|phone&#8221; width_phone=&#8221;&#8221; width_tablet=&#8221;85%&#8221;]<\/p>\n<h2 align=\"center\"><strong>Connecticut Higher Education Supplemental Loan Authority Website<\/strong><\/h2>\n<h3 align=\"center\"><strong>Terms<\/strong>\u00a0<strong>of Use<\/strong><\/h3>\n<p>&nbsp;<\/p>\n<p>Thank you for visiting the Connecticut Higher Education Supplemental Loan Authority Website (\u201cWebsite\u201d).\u00a0 The Website is managed by the Connecticut Higher Education Supplemental Loan Authority (\u201cCHESLA\u201d).\u00a0 When the words \u201cyou\u201d or \u201cyour\u201d are used in the Terms of Use (\u201cthe Terms\u201d) we mean you and any visitor of the Website.\u00a0 When the words \u201cwe\u201d or \u201cus\u201d are used in the Terms, we mean CHESLA.\u00a0 We provide this Website to you subject to the Terms and when you use this Website, you agree to abide by the Terms. \u00a0If you do not agree to abide by the Terms, you may not use this Website.<\/p>\n<p>&nbsp;<\/p>\n<p>We reserve the right to make changes to this Website and to modify the Terms at any time at our sole discretion.\u00a0 We encourage you to review the Terms frequently for such modifications.\u00a0 By your use of this Website, you agree to abide by any such modifications to the Terms, which are binding on you.<\/p>\n<p>&nbsp;<\/p>\n<h4><strong><u>Disclaimers<\/u><\/strong><strong><u>\u00a0and Limitation of Liability<\/u><\/strong><\/h4>\n<p>We make every effort to insure the presentation of accurate and current information on this Website, however, we make no warranties or guarantees as to the accuracy of the information presented on this Website. You agree that use of this Website is at your sole risk.\u00a0 Neither we, nor our affiliates, nor any of our officers, directors, or employees, agents, third-party content providers, licensors or the like, warrant that the content of this Website will be uninterrupted or error-free; nor do we make any warranty as to the results that may be obtained from the use of this Website.<\/p>\n<p>&nbsp;<\/p>\n<p>THIS WEBSITE IS PROVIDED BY US ON AN &#8220;AS IS&#8221; BASIS. WE MAKE NO REPRESENTATIONS OR WARRANTIES OF ANY KIND, EXPRESS OR IMPLIED, AS TO THE OPERATION OF THE WEBSITE, THE INFORMATION, CONTENT, MATERIALS OR PRODUCTS, INCLUDED ON THIS WEBSITE. TO THE FULL EXTENT PERMISSIBLE BY APPLICABLE LAW, WE DISCLAIM ALL WARRANTIES, EXPRESS OR IMPLIED, INCLUDING BUT NOT LIMITED TO, IMPLIED WARRANTIES OF MERCHANTABILITY, FITNESS FOR A PARTICULAR PURPOSE, TRADE USAGE AND NONINFRINGEMENT.<\/p>\n<p>&nbsp;<\/p>\n<p>WE WILL NOT BE LIABLE FOR ANY LOSS OF USE, LOSS OF DATA, INTERRUPTION OF BUSINESS, LOST PROFITS OR ANY DIRECT, INDIRECT, SPECIAL, INCIDENTAL, PUNITIVE AND CONSEQUENTIAL DAMAGES OF ANY KIND, REGARDLESS OF THE FORM OF ACTION WHETHER IN CONTRACT, TORT, NEGLIGENCE, STRICT LIABILITY OR OTHERWISE, ARISING FROM THE USE OF OR THE INABILITY TO USE THIS WEBSITE OR THAT RESULT FROM MISTAKES, OMISSIONS, INTERRUPTIONS, DELETION OF FILES OR EMAIL, ERRORS, DEFECTS, VIRUSES, DELAYS IN OPERATION OR TRANSMISSION, OR ANY FAILURE OF PERFORMANCE, WHETHER OR NOT RESULTING FROM ACTS OF GOD, COMMUNICATIONS FAILURE, THEFT, DESTRUCTION, OR UNAUTHORIZED ACCESS TO OUR RECORDS, PROGRAMS, OR SERVICES, EVEN IF WE HAVE BEEN ADVISED OF THE POSSIBILITY OF SUCH LOSSES OR DAMAGES. YOU AGREE THAT THIS PARAGRAPH SHALL APPLY TO ALL CONTENT, SOFTWARE AND SERVICES AVAILABLE THROUGH THE WEBSITE.<\/p>\n<p>&nbsp;<\/p>\n<h4><strong><u>For<\/u><\/strong>\u00a0<strong><u>Informational<\/u><\/strong><strong><u>\u00a0Purposes Only<\/u><\/strong><\/h4>\n<p>We make available the information on this Website for informational purposes only. You are solely responsible for the information you provide on this Website and for the information you use that you view on this Website. \u00a0Information on this Website is not intended to create any business relationship.<\/p>\n<p>&nbsp;<\/p>\n<p>&nbsp;<\/p>\n<h4><strong><u>Copyright<\/u><\/strong><strong><u>\u00a0and Trademark Information<\/u><\/strong><\/h4>\n<p>The content included on this Website, such as text, graphics, logos, images, recordings and software is our property and\/or its content suppliers and may protected by copyright or trademark laws.<\/p>\n<p>&nbsp;<\/p>\n<h4><strong><u>License<\/u><\/strong><strong><u>\u00a0for Your Use<\/u><\/strong><\/h4>\n<p>For any period of time that you use this Website and abide by these terms, we grant to you a limited, revocable and nonexclusive license to access this Website for your use but not to copy, download or modify it, or any portion of it, for any commercial purpose except with our express written consent. This Website or any portion of this Website may not be reproduced, duplicated, copied, sold or otherwise exploited for any commercial purpose without our express written consent. \u00a0You may not utilize framing to enclose any trademark, logo, content or other proprietary information contained on this Website without our express written consent.\u00a0 You may not use any meta tags or any other \u201chidden text\u201d utilizing our or our affiliates\u2019 trademarks without our express written consent.<\/p>\n<p>&nbsp;<\/p>\n<p>You agree to use this Website only for lawful purposes, and you acknowledge that your failure to do so may subject you to civil or criminal liability. \u00a0You agree not to disrupt, modify, or interfere with this Website or its associated software, hardware and servers in any way and you agree not to impede or interfere with others\u2019 use of this Website. You further agree not to alter or tamper with any information or materials on or associated with this Website.<\/p>\n<p>&nbsp;<\/p>\n<p>Any unauthorized use or violation of these terms automatically terminates the permission or license granted by us to access this Website.<\/p>\n<p>&nbsp;<\/p>\n<h4><strong><u>Website Links<\/u><\/strong><\/h4>\n<p>This Website may provide links or references to third party websites that are not associated with applying for a CHESLA student loan.\u00a0 We are not responsible for any information you choose to provide to those third party websites; any information, products or services you acquire from those third parties, or any damages arising from your access to or use of those third party websites.\u00a0 Any links to third party websites are provided as a convenience to visitors of this Website and any inclusion of any such links in this Website does not imply an endorsement or warranty of the third party websites or their security, content, products, offerings or services.\u00a0 You are cautioned that any third party websites are governed by their own terms of use and privacy policies, so when linking you should make sure to visit the appropriate pages of those third party websites to determine what terms of use and privacy policies will apply to your use.<\/p>\n<p>&nbsp;<\/p>\n<h4><strong><u>Applicable<\/u><\/strong>\u00a0<strong><u>Law<\/u><\/strong>\u00a0<strong><u>and<\/u><\/strong><strong><u>\u00a0Jurisdiction<\/u><\/strong><\/h4>\n<p>By visiting this Website, you agree that these Terms for all purposes shall be governed and construed in accordance with the laws of the State of Connecticut, without regard to principles of conflict of law, and that any action based on or alleging a breach of these provisions must be brought in a state or federal court located in the State of Connecticut. In addition, you agree to submit to the personal jurisdiction and venue of such courts.<\/p>\n<p>&nbsp;<\/p>\n<h4><strong><u>How to Contact Us<\/u><\/strong><\/h4>\n<p>If you have questions about these Terms you can contact us at\u00a0<a href=\"mailto:jhurlock@chesla.org\">jhurlock@chesla.org<\/a>, via our\u00a0<a href=\"https:\/\/chesla.org\/contact\/\">online contact form<\/a>, or by phone at (860) 520-4001 and ask for our website coordinator.<\/p>\n<p>&nbsp;<\/p>\n<p>January 27, 2021<\/p>\n<p>[\/et_pb_text][\/et_pb_column][\/et_pb_row][\/et_pb_section]<\/p>\n","protected":false},"excerpt":{"rendered":"<p>Terms of UseConnecticut Higher Education Supplemental Loan Authority Website Terms\u00a0of Use &nbsp; Thank you for visiting the Connecticut Higher Education Supplemental Loan Authority Website (\u201cWebsite\u201d).\u00a0 The Website is managed by [&hellip;]<\/p>\n","protected":false},"author":1,"featured_media":0,"parent":0,"menu_order":0,"comment_status":"closed","ping_status":"closed","template":"","meta":{"_acf_changed":false,"_et_pb_use_builder":"on","_et_pb_old_content":"","_et_gb_content_width":"","footnotes":""},"class_list":["post-241929","page","type-page","status-publish","hentry"],"acf":[],"yoast_head":"<!-- This site is optimized with the Yoast SEO Premium plugin v27.1 (Yoast SEO v27.2) - https:\/\/yoast.com\/product\/yoast-seo-premium-wordpress\/ -->\n<title>Terms of Use - CHESLA<\/title>\n<meta name=\"robots\" content=\"index, follow, max-snippet:-1, max-image-preview:large, max-video-preview:-1\" \/>\n<link rel=\"canonical\" href=\"https:\/\/chesla.org\/pt\/terms-of-use\/\" \/>\n<meta property=\"og:locale\" content=\"pt_BR\" \/>\n<meta property=\"og:type\" content=\"article\" \/>\n<meta property=\"og:title\" content=\"Terms of Use\" \/>\n<meta property=\"og:description\" content=\"Terms of UseConnecticut Higher Education Supplemental Loan Authority Website Terms\u00a0of Use &nbsp; Thank you for visiting the Connecticut Higher Education Supplemental Loan Authority Website (\u201cWebsite\u201d).\u00a0 The Website is managed by [&hellip;]\" \/>\n<meta property=\"og:url\" content=\"https:\/\/chesla.org\/pt\/terms-of-use\/\" \/>\n<meta property=\"og:site_name\" content=\"CHESLA\" \/>\n<meta property=\"article:publisher\" content=\"https:\/\/www.facebook.com\/cheslaloans\" \/>\n<meta property=\"article:modified_time\" content=\"2024-02-14T17:01:07+00:00\" \/>\n<meta property=\"og:image\" content=\"https:\/\/chesla.org\/wp-content\/uploads\/2024\/05\/CHESLA-OG-Tag.png\" \/>\n\t<meta property=\"og:image:width\" content=\"1200\" \/>\n\t<meta property=\"og:image:height\" content=\"630\" \/>\n\t<meta property=\"og:image:type\" content=\"image\/png\" \/>\n<meta name=\"twitter:card\" content=\"summary_large_image\" \/>\n<meta name=\"twitter:site\" content=\"@CHESLALoans\" \/>\n<meta name=\"twitter:label1\" content=\"Est. tempo de leitura\" \/>\n\t<meta name=\"twitter:data1\" content=\"8 minutos\" \/>\n<script type=\"application\/ld+json\" class=\"yoast-schema-graph\">{\"@context\":\"https:\/\/schema.org\",\"@graph\":[{\"@type\":\"WebPage\",\"@id\":\"https:\/\/chesla.org\/terms-of-use\/\",\"url\":\"https:\/\/chesla.org\/terms-of-use\/\",\"name\":\"Terms of Use - CHESLA\",\"isPartOf\":{\"@id\":\"https:\/\/chesla.org\/#website\"},\"datePublished\":\"2024-02-14T17:01:05+00:00\",\"dateModified\":\"2024-02-14T17:01:07+00:00\",\"breadcrumb\":{\"@id\":\"https:\/\/chesla.org\/terms-of-use\/#breadcrumb\"},\"inLanguage\":\"pt-BR\",\"potentialAction\":[{\"@type\":\"ReadAction\",\"target\":[\"https:\/\/chesla.org\/terms-of-use\/\"]}]},{\"@type\":\"BreadcrumbList\",\"@id\":\"https:\/\/chesla.org\/terms-of-use\/#breadcrumb\",\"itemListElement\":[{\"@type\":\"ListItem\",\"position\":1,\"name\":\"Home\",\"item\":\"https:\/\/chesla.org\/\"},{\"@type\":\"ListItem\",\"position\":2,\"name\":\"Terms of Use\"}]},{\"@type\":\"WebSite\",\"@id\":\"https:\/\/chesla.org\/#website\",\"url\":\"https:\/\/chesla.org\/\",\"name\":\"CHESLA\",\"description\":\"CT Higher Education Supplemental Loan Authority\",\"publisher\":{\"@id\":\"https:\/\/chesla.org\/#organization\"},\"potentialAction\":[{\"@type\":\"SearchAction\",\"target\":{\"@type\":\"EntryPoint\",\"urlTemplate\":\"https:\/\/chesla.org\/?s={search_term_string}\"},\"query-input\":{\"@type\":\"PropertyValueSpecification\",\"valueRequired\":true,\"valueName\":\"search_term_string\"}}],\"inLanguage\":\"pt-BR\"},{\"@type\":\"Organization\",\"@id\":\"https:\/\/chesla.org\/#organization\",\"name\":\"CHESLA\",\"url\":\"https:\/\/chesla.org\/\",\"logo\":{\"@type\":\"ImageObject\",\"inLanguage\":\"pt-BR\",\"@id\":\"https:\/\/chesla.org\/#\/schema\/logo\/image\/\",\"url\":\"https:\/\/chesla.org\/wp-content\/uploads\/2023\/11\/color-logo-acronym-standard-300px.png\",\"contentUrl\":\"https:\/\/chesla.org\/wp-content\/uploads\/2023\/11\/color-logo-acronym-standard-300px.png\",\"width\":300,\"height\":107,\"caption\":\"CHESLA\"},\"image\":{\"@id\":\"https:\/\/chesla.org\/#\/schema\/logo\/image\/\"},\"sameAs\":[\"https:\/\/www.facebook.com\/cheslaloans\",\"https:\/\/x.com\/CHESLALoans\",\"https:\/\/www.linkedin.com\/company\/chesla\/?reportsuccess=KJ_KkFGTDCfMt-A7wV3Fn9Yvgwr02Kd6AZHGx4bQCDiP6-2rfP2oxyVoEQiPrcAQ7Bf\",\"https:\/\/www.youtube.com\/channel\/UCV8LUkbWunt7tvMYOay1MTA\",\"https:\/\/www.instagram.com\/cheslaloan\/\"],\"description\":\"CHESLA provides financing, information and tools for students and families to make informed decisions about paying for higher education.\"}]}<\/script>\n<!-- \/ Yoast SEO Premium plugin. -->","yoast_head_json":{"title":"Terms of Use - CHESLA","robots":{"index":"index","follow":"follow","max-snippet":"max-snippet:-1","max-image-preview":"max-image-preview:large","max-video-preview":"max-video-preview:-1"},"canonical":"https:\/\/chesla.org\/pt\/terms-of-use\/","og_locale":"pt_BR","og_type":"article","og_title":"Terms of Use","og_description":"Terms of UseConnecticut Higher Education Supplemental Loan Authority Website Terms\u00a0of Use &nbsp; Thank you for visiting the Connecticut Higher Education Supplemental Loan Authority Website (\u201cWebsite\u201d).\u00a0 The Website is managed by [&hellip;]","og_url":"https:\/\/chesla.org\/pt\/terms-of-use\/","og_site_name":"CHESLA","article_publisher":"https:\/\/www.facebook.com\/cheslaloans","article_modified_time":"2024-02-14T17:01:07+00:00","og_image":[{"width":1200,"height":630,"url":"https:\/\/chesla.org\/wp-content\/uploads\/2024\/05\/CHESLA-OG-Tag.png","type":"image\/png"}],"twitter_card":"summary_large_image","twitter_site":"@CHESLALoans","twitter_misc":{"Est. tempo de leitura":"8 minutos"},"schema":{"@context":"https:\/\/schema.org","@graph":[{"@type":"WebPage","@id":"https:\/\/chesla.org\/terms-of-use\/","url":"https:\/\/chesla.org\/terms-of-use\/","name":"Terms of Use - CHESLA","isPartOf":{"@id":"https:\/\/chesla.org\/#website"},"datePublished":"2024-02-14T17:01:05+00:00","dateModified":"2024-02-14T17:01:07+00:00","breadcrumb":{"@id":"https:\/\/chesla.org\/terms-of-use\/#breadcrumb"},"inLanguage":"pt-BR","potentialAction":[{"@type":"ReadAction","target":["https:\/\/chesla.org\/terms-of-use\/"]}]},{"@type":"BreadcrumbList","@id":"https:\/\/chesla.org\/terms-of-use\/#breadcrumb","itemListElement":[{"@type":"ListItem","position":1,"name":"Home","item":"https:\/\/chesla.org\/"},{"@type":"ListItem","position":2,"name":"Terms of Use"}]},{"@type":"WebSite","@id":"https:\/\/chesla.org\/#website","url":"https:\/\/chesla.org\/","name":"CHESLA","description":"Autoridade de Empr\u00e9stimo Suplementar para Ensino Superior CT","publisher":{"@id":"https:\/\/chesla.org\/#organization"},"potentialAction":[{"@type":"SearchAction","target":{"@type":"EntryPoint","urlTemplate":"https:\/\/chesla.org\/?s={search_term_string}"},"query-input":{"@type":"PropertyValueSpecification","valueRequired":true,"valueName":"search_term_string"}}],"inLanguage":"pt-BR"},{"@type":"Organization","@id":"https:\/\/chesla.org\/#organization","name":"CHESLA","url":"https:\/\/chesla.org\/","logo":{"@type":"ImageObject","inLanguage":"pt-BR","@id":"https:\/\/chesla.org\/#\/schema\/logo\/image\/","url":"https:\/\/chesla.org\/wp-content\/uploads\/2023\/11\/color-logo-acronym-standard-300px.png","contentUrl":"https:\/\/chesla.org\/wp-content\/uploads\/2023\/11\/color-logo-acronym-standard-300px.png","width":300,"height":107,"caption":"CHESLA"},"image":{"@id":"https:\/\/chesla.org\/#\/schema\/logo\/image\/"},"sameAs":["https:\/\/www.facebook.com\/cheslaloans","https:\/\/x.com\/CHESLALoans","https:\/\/www.linkedin.com\/company\/chesla\/?reportsuccess=KJ_KkFGTDCfMt-A7wV3Fn9Yvgwr02Kd6AZHGx4bQCDiP6-2rfP2oxyVoEQiPrcAQ7Bf","https:\/\/www.youtube.com\/channel\/UCV8LUkbWunt7tvMYOay1MTA","https:\/\/www.instagram.com\/cheslaloan\/"],"description":"CHESLA fornece financiamento, informa\u00e7\u00f5es e ferramentas para estudantes e fam\u00edlias tomarem decis\u00f5es informadas sobre o pagamento do ensino superior."}]}},"_links":{"self":[{"href":"https:\/\/chesla.org\/pt\/wp-json\/wp\/v2\/pages\/241929","targetHints":{"allow":["GET"]}}],"collection":[{"href":"https:\/\/chesla.org\/pt\/wp-json\/wp\/v2\/pages"}],"about":[{"href":"https:\/\/chesla.org\/pt\/wp-json\/wp\/v2\/types\/page"}],"author":[{"embeddable":true,"href":"https:\/\/chesla.org\/pt\/wp-json\/wp\/v2\/users\/1"}],"replies":[{"embeddable":true,"href":"https:\/\/chesla.org\/pt\/wp-json\/wp\/v2\/comments?post=241929"}],"version-history":[{"count":2,"href":"https:\/\/chesla.org\/pt\/wp-json\/wp\/v2\/pages\/241929\/revisions"}],"predecessor-version":[{"id":241935,"href":"https:\/\/chesla.org\/pt\/wp-json\/wp\/v2\/pages\/241929\/revisions\/241935"}],"wp:attachment":[{"href":"https:\/\/chesla.org\/pt\/wp-json\/wp\/v2\/media?parent=241929"}],"curies":[{"name":"wp","href":"https:\/\/api.w.org\/{rel}","templated":true}]}}