{"id":241853,"date":"2024-02-09T18:47:40","date_gmt":"2024-02-09T18:47:40","guid":{"rendered":"https:\/\/chesla.org\/?page_id=241853"},"modified":"2024-02-09T19:06:44","modified_gmt":"2024-02-09T19:06:44","slug":"student-loan-basics","status":"publish","type":"page","link":"https:\/\/chesla.org\/pt\/student-loan-basics\/","title":{"rendered":"No\u00e7\u00f5es b\u00e1sicas de empr\u00e9stimos estudantis"},"content":{"rendered":"<p>[et_pb_section fb_built=&#8221;1&#8243; custom_padding_last_edited=&#8221;on|phone&#8221; _builder_version=&#8221;4.23.1&#8243; _module_preset=&#8221;default&#8221; use_background_color_gradient=&#8221;on&#8221; background_color_gradient_direction=&#8221;98deg&#8221; background_color_gradient_stops=&#8221;rgba(11,65,99,0) 0%|rgba(11,65,99,0.93) 74%&#8221; background_color_gradient_overlays_image=&#8221;on&#8221; background_image=&#8221;https:\/\/chesla.org\/wp-content\/uploads\/2024\/02\/student-loan-basics-header-bg.jpg&#8221; custom_padding_tablet=&#8221;&#8221; custom_padding_phone=&#8221;11rem||1rem||false|false&#8221; hover_enabled=&#8221;0&#8243; background_last_edited=&#8221;on|phone&#8221; use_background_color_gradient_phone=&#8221;on&#8221; background_color_gradient_direction_phone=&#8221;180deg&#8221; background_color_gradient_stops_phone=&#8221;rgba(11,65,99,0) 0%|rgba(11,65,99,0.93) 73%&#8221; background_image_phone=&#8221;https:\/\/chesla.org\/wp-content\/uploads\/2024\/02\/student-loan-basics-header-bg-mobile.jpg&#8221; background_enable_image_phone=&#8221;on&#8221; global_colors_info=&#8221;{}&#8221; title_text=&#8221;student-loan-basics-header-bg-mobile&#8221; background_position=&#8221;center_left&#8221; sticky_enabled=&#8221;0&#8243;][et_pb_row _builder_version=&#8221;4.23.1&#8243; _module_preset=&#8221;default&#8221; global_colors_info=&#8221;{}&#8221;][et_pb_column type=&#8221;4_4&#8243; _builder_version=&#8221;4.23.1&#8243; _module_preset=&#8221;default&#8221; global_colors_info=&#8221;{}&#8221;][et_pb_text _builder_version=&#8221;4.23.1&#8243; _module_preset=&#8221;default&#8221; text_font_size=&#8221;17px&#8221; text_line_height=&#8221;1.6em&#8221; header_font=&#8221;|||on|||||&#8221; header_font_size=&#8221;23px&#8221; header_letter_spacing=&#8221;4px&#8221; header_line_height=&#8221;1.3em&#8221; header_2_font_size=&#8221;48px&#8221; header_2_line_height=&#8221;1.2em&#8221; background_layout=&#8221;dark&#8221; max_width=&#8221;600px&#8221; module_alignment=&#8221;right&#8221; custom_margin=&#8221;||15px||false|false&#8221; hover_enabled=&#8221;0&#8243; border_color_all=&#8221;#ffffff&#8221; border_width_bottom=&#8221;1px&#8221; global_colors_info=&#8221;{}&#8221; sticky_enabled=&#8221;0&#8243;]<\/p>\n<h1>Student Loan Basics<\/h1>\n<p>[\/et_pb_text][et_pb_text _builder_version=&#8221;4.23.1&#8243; _module_preset=&#8221;default&#8221; text_font_size=&#8221;17px&#8221; text_line_height=&#8221;1.6em&#8221; header_font=&#8221;|||on|||||&#8221; header_font_size=&#8221;23px&#8221; header_letter_spacing=&#8221;4px&#8221; header_line_height=&#8221;1.3em&#8221; header_2_font_size=&#8221;48px&#8221; header_2_line_height=&#8221;1.1em&#8221; background_layout=&#8221;dark&#8221; max_width=&#8221;600px&#8221; module_alignment=&#8221;right&#8221; hover_enabled=&#8221;0&#8243; text_font_size_tablet=&#8221;17px&#8221; text_font_size_phone=&#8221;15px&#8221; text_font_size_last_edited=&#8221;on|phone&#8221; header_2_font_size_tablet=&#8221;48px&#8221; header_2_font_size_phone=&#8221;32px&#8221; header_2_font_size_last_edited=&#8221;on|phone&#8221; global_colors_info=&#8221;{}&#8221; sticky_enabled=&#8221;0&#8243;]<\/p>\n<h2>Before You Borrow a College Student Loan<\/h2>\n<p>Most people use a combination of savings, income and loans to pay their college costs. Consider all your options before borrowing money that you will have to repay with interest over a specific time period. If you decide to borrow to cover part of your education expenses, educate yourself first and remember to maximize federal student loans before you take out private loans.<\/p>\n<p>[\/et_pb_text][\/et_pb_column][\/et_pb_row][\/et_pb_section][et_pb_section fb_built=&#8221;1&#8243; _builder_version=&#8221;4.23.1&#8243; _module_preset=&#8221;default&#8221; hover_enabled=&#8221;0&#8243; global_colors_info=&#8221;{}&#8221; custom_padding=&#8221;2rem||||false|false&#8221; sticky_enabled=&#8221;0&#8243;][et_pb_row column_structure=&#8221;3_5,2_5&#8243; make_equal=&#8221;on&#8221; custom_padding_last_edited=&#8221;on|tablet&#8221; module_class=&#8221;custom_row&#8221; _builder_version=&#8221;4.23.1&#8243; _module_preset=&#8221;default&#8221; custom_padding_tablet=&#8221;||0px||false|false&#8221; custom_padding_phone=&#8221;||0px||false|false&#8221; hover_enabled=&#8221;0&#8243; locked=&#8221;off&#8221; global_colors_info=&#8221;{}&#8221; sticky_enabled=&#8221;0&#8243;][et_pb_column type=&#8221;3_5&#8243; module_class=&#8221;second-on-mobile&#8221; _builder_version=&#8221;4.23.1&#8243; _module_preset=&#8221;default&#8221; custom_padding_tablet=&#8221;4vw||||false|false&#8221; custom_padding_phone=&#8221;4vw||||false|false&#8221; custom_padding_last_edited=&#8221;on|tablet&#8221; global_colors_info=&#8221;{}&#8221;][et_pb_text _builder_version=&#8221;4.23.1&#8243; _module_preset=&#8221;default&#8221; text_text_color=&#8221;#333333&#8243; text_font_size=&#8221;16px&#8221; text_line_height=&#8221;1.6em&#8221; header_2_font=&#8221;|600|||||||&#8221; header_2_font_size=&#8221;32px&#8221; header_2_line_height=&#8221;1.2em&#8221; max_width=&#8221;900px&#8221; module_alignment=&#8221;center&#8221; custom_margin=&#8221;||2rem||false|false&#8221; hover_enabled=&#8221;0&#8243; header_2_font_size_tablet=&#8221;34px&#8221; header_2_font_size_phone=&#8221;28px&#8221; header_2_font_size_last_edited=&#8221;on|tablet&#8221; global_colors_info=&#8221;{}&#8221; sticky_enabled=&#8221;0&#8243; header_3_font_size=&#8221;27px&#8221; header_3_line_height=&#8221;1.3em&#8221; header_3_font_size_last_edited=&#8221;on|phone&#8221; header_3_font_size_phone=&#8221;22px&#8221; header_3_font_size_tablet=&#8221;27px&#8221;]<\/p>\n<h3>The following are some important concepts to understand when evaluating college loans:<\/h3>\n<p><strong>Fixed vs. Variable Interest Rate:<\/strong> Fixed interest rates do not change over the life of a loan, which means you pay the same amount each month. Variable interest rates change over time in line with market interest rates.<\/p>\n<p><strong>Annual Percentage Rate (APR):<\/strong> The APR reflects the total cost of borrowing money over the life of the loan, considering not only the interest rate but also the effect of other fees on the total cost of repaying the amount financed.<\/p>\n<p><strong>Immediate or Deferred Repayment:<\/strong> The interest rate of your loan may vary depending on whether you repay the loan immediately or wait until after graduation to start repaying.<\/p>\n<p><strong>Tiered Pricing:<\/strong> Tiered pricing means that interest rates depend on your credit. The advertised lowest interest rate may only be available to those with exceptional credit, and higher rates and fees may apply to those with fair to average credit ratings.<\/p>\n<p>[\/et_pb_text][et_pb_button button_url=&#8221;https:\/\/www.campusdoor.com\/CHESLA\/Refinance\/qualify.aspx&#8221; url_new_window=&#8221;on&#8221; button_text=&#8221;Contact Us Today&#8221; button_alignment=&#8221;left&#8221; _builder_version=&#8221;4.23.1&#8243; _module_preset=&#8221;default&#8221; custom_button=&#8221;on&#8221; button_bg_color=&#8221;#5F8BB2&#8243; button_border_color=&#8221;#5F8BB2&#8243; button_border_radius=&#8221;5px&#8221; button_font=&#8221;Source Sans Pro|700||on|||||&#8221; button_use_icon=&#8221;off&#8221; background_layout=&#8221;dark&#8221; hover_enabled=&#8221;0&#8243; locked=&#8221;off&#8221; global_colors_info=&#8221;{}&#8221; button_bg_color__hover_enabled=&#8221;on|hover&#8221; button_bg_color__hover=&#8221;#90c3d0&#8243; button_bg_enable_color__hover=&#8221;on&#8221; button_border_color__hover_enabled=&#8221;on|desktop&#8221; button_border_color__hover=&#8221;#90c3d0&#8243; sticky_enabled=&#8221;0&#8243;][\/et_pb_button][\/et_pb_column][et_pb_column type=&#8221;2_5&#8243; module_class=&#8221;first-on-mobile&#8221; _builder_version=&#8221;4.23.1&#8243; _module_preset=&#8221;default&#8221; background_image=&#8221;https:\/\/chesla.org\/wp-content\/uploads\/2024\/02\/bright-young-grads-portrait-900px.jpg&#8221; background_position=&#8221;center_left&#8221; background_horizontal_offset=&#8221;36%&#8221; custom_padding_tablet=&#8221;23vw||23vw||true|false&#8221; custom_padding_phone=&#8221;23vw||23vw||true|false&#8221; custom_padding_last_edited=&#8221;on|tablet&#8221; hover_enabled=&#8221;0&#8243; border_radii=&#8221;on|20px|20px|20px|20px&#8221; global_colors_info=&#8221;{}&#8221; title_text=&#8221;bright-young-grads-portrait-900px&#8221; sticky_enabled=&#8221;0&#8243;][et_pb_divider show_divider=&#8221;off&#8221; _builder_version=&#8221;4.23.1&#8243; _module_preset=&#8221;default&#8221; global_colors_info=&#8221;{}&#8221;][\/et_pb_divider][\/et_pb_column][\/et_pb_row][\/et_pb_section]<\/p>\n","protected":false},"excerpt":{"rendered":"<p>Student Loan BasicsBefore You Borrow a College Student Loan Most people use a combination of savings, income and loans to pay their college costs. Consider all your options before borrowing [&hellip;]<\/p>\n","protected":false},"author":1,"featured_media":0,"parent":0,"menu_order":0,"comment_status":"closed","ping_status":"closed","template":"","meta":{"_acf_changed":false,"_et_pb_use_builder":"on","_et_pb_old_content":"","_et_gb_content_width":"","footnotes":""},"class_list":["post-241853","page","type-page","status-publish","hentry"],"acf":[],"yoast_head":"<!-- This site is optimized with the Yoast SEO Premium plugin v27.4 (Yoast SEO v27.4) - https:\/\/yoast.com\/product\/yoast-seo-premium-wordpress\/ -->\n<title>Student Loan Basics - CHESLA<\/title>\n<meta name=\"robots\" content=\"index, follow, max-snippet:-1, max-image-preview:large, max-video-preview:-1\" \/>\n<link rel=\"canonical\" href=\"https:\/\/chesla.org\/pt\/student-loan-basics\/\" \/>\n<meta property=\"og:locale\" content=\"pt_BR\" \/>\n<meta property=\"og:type\" content=\"article\" \/>\n<meta property=\"og:title\" content=\"Student Loan Basics\" \/>\n<meta property=\"og:description\" content=\"Student Loan BasicsBefore You Borrow a College Student Loan Most people use a combination of savings, income and loans to pay their college costs. Consider all your options before borrowing [&hellip;]\" \/>\n<meta property=\"og:url\" content=\"https:\/\/chesla.org\/pt\/student-loan-basics\/\" \/>\n<meta property=\"og:site_name\" content=\"CHESLA\" \/>\n<meta property=\"article:publisher\" content=\"https:\/\/www.facebook.com\/cheslaloans\" \/>\n<meta property=\"article:modified_time\" content=\"2024-02-09T19:06:44+00:00\" \/>\n<meta property=\"og:image\" content=\"https:\/\/chesla.org\/wp-content\/uploads\/2024\/05\/CHESLA-OG-Tag.png\" \/>\n\t<meta property=\"og:image:width\" content=\"1200\" \/>\n\t<meta property=\"og:image:height\" content=\"630\" \/>\n\t<meta property=\"og:image:type\" content=\"image\/png\" \/>\n<meta name=\"twitter:card\" content=\"summary_large_image\" \/>\n<meta name=\"twitter:site\" content=\"@CHESLALoans\" \/>\n<meta name=\"twitter:label1\" content=\"Est. tempo de leitura\" \/>\n\t<meta name=\"twitter:data1\" content=\"5 minutos\" \/>\n<script type=\"application\/ld+json\" class=\"yoast-schema-graph\">{\"@context\":\"https:\\\/\\\/schema.org\",\"@graph\":[{\"@type\":\"WebPage\",\"@id\":\"https:\\\/\\\/chesla.org\\\/student-loan-basics\\\/\",\"url\":\"https:\\\/\\\/chesla.org\\\/student-loan-basics\\\/\",\"name\":\"Student Loan Basics - CHESLA\",\"isPartOf\":{\"@id\":\"https:\\\/\\\/chesla.org\\\/#website\"},\"datePublished\":\"2024-02-09T18:47:40+00:00\",\"dateModified\":\"2024-02-09T19:06:44+00:00\",\"breadcrumb\":{\"@id\":\"https:\\\/\\\/chesla.org\\\/student-loan-basics\\\/#breadcrumb\"},\"inLanguage\":\"pt-BR\",\"potentialAction\":[{\"@type\":\"ReadAction\",\"target\":[\"https:\\\/\\\/chesla.org\\\/student-loan-basics\\\/\"]}]},{\"@type\":\"BreadcrumbList\",\"@id\":\"https:\\\/\\\/chesla.org\\\/student-loan-basics\\\/#breadcrumb\",\"itemListElement\":[{\"@type\":\"ListItem\",\"position\":1,\"name\":\"Home\",\"item\":\"https:\\\/\\\/chesla.org\\\/\"},{\"@type\":\"ListItem\",\"position\":2,\"name\":\"Student Loan Basics\"}]},{\"@type\":\"WebSite\",\"@id\":\"https:\\\/\\\/chesla.org\\\/#website\",\"url\":\"https:\\\/\\\/chesla.org\\\/\",\"name\":\"CHESLA\",\"description\":\"CT Higher Education Supplemental Loan Authority\",\"publisher\":{\"@id\":\"https:\\\/\\\/chesla.org\\\/#organization\"},\"potentialAction\":[{\"@type\":\"SearchAction\",\"target\":{\"@type\":\"EntryPoint\",\"urlTemplate\":\"https:\\\/\\\/chesla.org\\\/?s={search_term_string}\"},\"query-input\":{\"@type\":\"PropertyValueSpecification\",\"valueRequired\":true,\"valueName\":\"search_term_string\"}}],\"inLanguage\":\"pt-BR\"},{\"@type\":\"Organization\",\"@id\":\"https:\\\/\\\/chesla.org\\\/#organization\",\"name\":\"CHESLA\",\"url\":\"https:\\\/\\\/chesla.org\\\/\",\"logo\":{\"@type\":\"ImageObject\",\"inLanguage\":\"pt-BR\",\"@id\":\"https:\\\/\\\/chesla.org\\\/#\\\/schema\\\/logo\\\/image\\\/\",\"url\":\"https:\\\/\\\/chesla.org\\\/wp-content\\\/uploads\\\/2023\\\/11\\\/color-logo-acronym-standard-300px.png\",\"contentUrl\":\"https:\\\/\\\/chesla.org\\\/wp-content\\\/uploads\\\/2023\\\/11\\\/color-logo-acronym-standard-300px.png\",\"width\":300,\"height\":107,\"caption\":\"CHESLA\"},\"image\":{\"@id\":\"https:\\\/\\\/chesla.org\\\/#\\\/schema\\\/logo\\\/image\\\/\"},\"sameAs\":[\"https:\\\/\\\/www.facebook.com\\\/cheslaloans\",\"https:\\\/\\\/x.com\\\/CHESLALoans\",\"https:\\\/\\\/www.linkedin.com\\\/company\\\/chesla\\\/?reportsuccess=KJ_KkFGTDCfMt-A7wV3Fn9Yvgwr02Kd6AZHGx4bQCDiP6-2rfP2oxyVoEQiPrcAQ7Bf\",\"https:\\\/\\\/www.youtube.com\\\/channel\\\/UCV8LUkbWunt7tvMYOay1MTA\",\"https:\\\/\\\/www.instagram.com\\\/cheslaloan\\\/\"],\"description\":\"CHESLA provides financing, information and tools for students and families to make informed decisions about paying for higher education.\"}]}<\/script>\n<!-- \/ Yoast SEO Premium plugin. -->","yoast_head_json":{"title":"Student Loan Basics - CHESLA","robots":{"index":"index","follow":"follow","max-snippet":"max-snippet:-1","max-image-preview":"max-image-preview:large","max-video-preview":"max-video-preview:-1"},"canonical":"https:\/\/chesla.org\/pt\/student-loan-basics\/","og_locale":"pt_BR","og_type":"article","og_title":"Student Loan Basics","og_description":"Student Loan BasicsBefore You Borrow a College Student Loan Most people use a combination of savings, income and loans to pay their college costs. Consider all your options before borrowing [&hellip;]","og_url":"https:\/\/chesla.org\/pt\/student-loan-basics\/","og_site_name":"CHESLA","article_publisher":"https:\/\/www.facebook.com\/cheslaloans","article_modified_time":"2024-02-09T19:06:44+00:00","og_image":[{"width":1200,"height":630,"url":"https:\/\/chesla.org\/wp-content\/uploads\/2024\/05\/CHESLA-OG-Tag.png","type":"image\/png"}],"twitter_card":"summary_large_image","twitter_site":"@CHESLALoans","twitter_misc":{"Est. tempo de leitura":"5 minutos"},"schema":{"@context":"https:\/\/schema.org","@graph":[{"@type":"WebPage","@id":"https:\/\/chesla.org\/student-loan-basics\/","url":"https:\/\/chesla.org\/student-loan-basics\/","name":"Student Loan Basics - CHESLA","isPartOf":{"@id":"https:\/\/chesla.org\/#website"},"datePublished":"2024-02-09T18:47:40+00:00","dateModified":"2024-02-09T19:06:44+00:00","breadcrumb":{"@id":"https:\/\/chesla.org\/student-loan-basics\/#breadcrumb"},"inLanguage":"pt-BR","potentialAction":[{"@type":"ReadAction","target":["https:\/\/chesla.org\/student-loan-basics\/"]}]},{"@type":"BreadcrumbList","@id":"https:\/\/chesla.org\/student-loan-basics\/#breadcrumb","itemListElement":[{"@type":"ListItem","position":1,"name":"Home","item":"https:\/\/chesla.org\/"},{"@type":"ListItem","position":2,"name":"Student Loan Basics"}]},{"@type":"WebSite","@id":"https:\/\/chesla.org\/#website","url":"https:\/\/chesla.org\/","name":"CHESLA","description":"Autoridade de Empr\u00e9stimo Suplementar para Ensino Superior CT","publisher":{"@id":"https:\/\/chesla.org\/#organization"},"potentialAction":[{"@type":"SearchAction","target":{"@type":"EntryPoint","urlTemplate":"https:\/\/chesla.org\/?s={search_term_string}"},"query-input":{"@type":"PropertyValueSpecification","valueRequired":true,"valueName":"search_term_string"}}],"inLanguage":"pt-BR"},{"@type":"Organization","@id":"https:\/\/chesla.org\/#organization","name":"CHESLA","url":"https:\/\/chesla.org\/","logo":{"@type":"ImageObject","inLanguage":"pt-BR","@id":"https:\/\/chesla.org\/#\/schema\/logo\/image\/","url":"https:\/\/chesla.org\/wp-content\/uploads\/2023\/11\/color-logo-acronym-standard-300px.png","contentUrl":"https:\/\/chesla.org\/wp-content\/uploads\/2023\/11\/color-logo-acronym-standard-300px.png","width":300,"height":107,"caption":"CHESLA"},"image":{"@id":"https:\/\/chesla.org\/#\/schema\/logo\/image\/"},"sameAs":["https:\/\/www.facebook.com\/cheslaloans","https:\/\/x.com\/CHESLALoans","https:\/\/www.linkedin.com\/company\/chesla\/?reportsuccess=KJ_KkFGTDCfMt-A7wV3Fn9Yvgwr02Kd6AZHGx4bQCDiP6-2rfP2oxyVoEQiPrcAQ7Bf","https:\/\/www.youtube.com\/channel\/UCV8LUkbWunt7tvMYOay1MTA","https:\/\/www.instagram.com\/cheslaloan\/"],"description":"CHESLA fornece financiamento, informa\u00e7\u00f5es e ferramentas para estudantes e fam\u00edlias tomarem decis\u00f5es informadas sobre o pagamento do ensino superior."}]}},"_links":{"self":[{"href":"https:\/\/chesla.org\/pt\/wp-json\/wp\/v2\/pages\/241853","targetHints":{"allow":["GET"]}}],"collection":[{"href":"https:\/\/chesla.org\/pt\/wp-json\/wp\/v2\/pages"}],"about":[{"href":"https:\/\/chesla.org\/pt\/wp-json\/wp\/v2\/types\/page"}],"author":[{"embeddable":true,"href":"https:\/\/chesla.org\/pt\/wp-json\/wp\/v2\/users\/1"}],"replies":[{"embeddable":true,"href":"https:\/\/chesla.org\/pt\/wp-json\/wp\/v2\/comments?post=241853"}],"version-history":[{"count":6,"href":"https:\/\/chesla.org\/pt\/wp-json\/wp\/v2\/pages\/241853\/revisions"}],"predecessor-version":[{"id":241863,"href":"https:\/\/chesla.org\/pt\/wp-json\/wp\/v2\/pages\/241853\/revisions\/241863"}],"wp:attachment":[{"href":"https:\/\/chesla.org\/pt\/wp-json\/wp\/v2\/media?parent=241853"}],"curies":[{"name":"wp","href":"https:\/\/api.w.org\/{rel}","templated":true}]}}